{"id":12,"date":"2016-11-17T11:42:59","date_gmt":"2016-11-17T11:42:59","guid":{"rendered":"http:\/\/demos.pixelatethemes.com\/plumbingwp\/five\/?page_id=12"},"modified":"2025-01-28T12:35:02","modified_gmt":"2025-01-28T11:35:02","slug":"home","status":"publish","type":"page","link":"https:\/\/www.aquadetect.com\/fr\/","title":{"rendered":"Accueil"},"content":{"rendered":"<div class=\"wpb-content-wrapper\"><p>[vc_row full_width=\u00a0\u00bbstretch_row_content_no_spaces\u00a0\u00bb el_class=\u00a0\u00bbawsm-backgrnd-image-css\u00a0\u00bb css=\u00a0\u00bb.vc_custom_1507651069381{background-image: url(https:\/\/www.aquadetect.com\/fr\/wp-content\/uploads\/2016\/11\/slider1-1-1.jpg?id=1625) !important;}\u00a0\u00bb][vc_column el_class=\u00a0\u00bbcarousel-caption\u00a0\u00bb][vc_row_inner el_class=\u00a0\u00bbthm-container\u00a0\u00bb][vc_column_inner width=\u00a0\u00bb1\/2&Prime;][vc_column_text css=\u00a0\u00bb.vc_custom_1732529012441{padding-right: 10px !important;}\u00a0\u00bb]<\/p>\n<div class=\"content text-left\"><\/div>\n<div class=\"text-left\">\n<h3 class=\"this-ttitle\">La d\u00e9tection de fuite personnalis\u00e9e et professionnelle<\/h3>\n<ul class=\"nav slider-list\">\n<li>Plus de 65 ann\u00e9es d\u2019exp\u00e9rience dans le traitement de l\u2019humidit\u00e9<\/li>\n<li>Prise de rendez-vous rapide<\/li>\n<li>Diagnostic pr\u00e9cis et complet<\/li>\n<li>Intervention sous 48h<\/li>\n<\/ul>\n<\/div>\n<p>[\/vc_column_text][\/vc_column_inner][vc_column_inner el_class=\u00a0\u00bbcontent\u00a0\u00bb width=\u00a0\u00bb1\/4&Prime;][vc_single_image image=\u00a0\u00bb1082&Prime; img_size=\u00a0\u00bb\u00a0\u00bb alignment=\u00a0\u00bbcenter\u00a0\u00bb][\/vc_column_inner][vc_column_inner el_class=\u00a0\u00bbcontent text-right box valign-top box-bottom form-appointment no-padding\u00a0\u00bb width=\u00a0\u00bb1\/4&Prime;]\n<div class=\"wpcf7 no-js\" id=\"wpcf7-f2330-o1\" lang=\"en-US\" dir=\"ltr\" data-wpcf7-id=\"2330\">\n<div class=\"screen-reader-response\"><p role=\"status\" aria-live=\"polite\" aria-atomic=\"true\"><\/p> <ul><\/ul><\/div>\n<form action=\"\/fr\/wp-json\/wp\/v2\/pages\/12#wpcf7-f2330-o1\" method=\"post\" class=\"wpcf7-form init\" aria-label=\"Contact form\" novalidate=\"novalidate\" data-status=\"init\">\n<div style=\"display: none;\">\n<input type=\"hidden\" name=\"_wpcf7\" value=\"2330\" \/>\n<input type=\"hidden\" name=\"_wpcf7_version\" value=\"6.0\" \/>\n<input type=\"hidden\" name=\"_wpcf7_locale\" value=\"en_US\" \/>\n<input type=\"hidden\" name=\"_wpcf7_unit_tag\" value=\"wpcf7-f2330-o1\" \/>\n<input type=\"hidden\" name=\"_wpcf7_container_post\" value=\"0\" \/>\n<input type=\"hidden\" name=\"_wpcf7_posted_data_hash\" value=\"\" \/>\n<input type=\"hidden\" name=\"_wpcf7_recaptcha_response\" value=\"\" \/>\n<\/div>\n<div class=\"form-appointment\">\n<div class=\"row m0 request-service-form appointment-service-form ct-form-home p0\">\n<p class=\"this-title\">Contactez-nous<\/p>\n<div class=\"content\" style=\"text-align:center;\">\n<a style=\"font-size:34px;\" href=\"tel:0800201362\" class=\"link rouge blink\">0800 20 13 62<\/a><br \/><br \/>\n<p style=\"font-size:20px;\">UNE FUITE D'EAU CACH\u00c9E<br \/><b>INTERVENTIONS EN 48H<\/b><br \/><br \/><\/p>\n<\/div>\n<!--<div class=\"content\"><span class=\"wpcf7-form-control-wrap\" data-name=\"your-name\"><input size=\"40\" maxlength=\"400\" class=\"wpcf7-form-control wpcf7-text wpcf7-validates-as-required form-control\" aria-required=\"true\" aria-invalid=\"false\" placeholder=\"Nom\" value=\"\" type=\"text\" name=\"your-name\" \/><\/span><span class=\"wpcf7-form-control-wrap\" data-name=\"your-email\"><input size=\"40\" maxlength=\"400\" class=\"wpcf7-form-control wpcf7-email wpcf7-validates-as-required wpcf7-text wpcf7-validates-as-email form-control\" aria-required=\"true\" aria-invalid=\"false\" placeholder=\"Email\" value=\"\" type=\"email\" name=\"your-email\" \/><\/span><span class=\"wpcf7-form-control-wrap\" data-name=\"your-tel\"><input size=\"40\" maxlength=\"400\" class=\"wpcf7-form-control wpcf7-tel wpcf7-validates-as-required wpcf7-text wpcf7-validates-as-tel form-control\" aria-required=\"true\" aria-invalid=\"false\" placeholder=\"T\u00e9l\u00e9phone\" value=\"\" type=\"tel\" name=\"your-tel\" \/><\/span><span class=\"wpcf7-form-control-wrap\" data-name=\"your-message\"><textarea cols=\"40\" rows=\"10\" maxlength=\"2000\" class=\"wpcf7-form-control wpcf7-textarea wpcf7-validates-as-required form-control\" aria-required=\"true\" aria-invalid=\"false\" placeholder=\"Comment pouvons-nous vous aider ?\" name=\"your-message\"><\/textarea><\/span>\n<label class=\"rgpd-checkbox\" style=\"color:#fff\"><span class=\"wpcf7-form-control-wrap\" data-name=\"rgpd\"><span class=\"wpcf7-form-control wpcf7-acceptance\"><span class=\"wpcf7-list-item\"><input type=\"checkbox\" name=\"rgpd\" value=\"1\" class=\"checkbox\" aria-invalid=\"false\" \/><\/span><\/span><\/span> En cochant cette case, j'accepte <a href=\"\/politique-relative-a-la-vie-privee-de-aquadetect\/\" target=\"_blank\">les conditions g\u00e9n\u00e9rales de Aquadetect<\/a>.<\/label><div class=\"centr\"><input class=\"wpcf7-form-control wpcf7-submit has-spinner btn btn-primary\" type=\"submit\" value=\"Envoyez\" \/><\/div>-->\n<\/div><\/div>\n<\/div><div class=\"wpcf7-response-output\" aria-hidden=\"true\"><\/div>\n<\/form>\n<\/div>\n[\/vc_column_inner][\/vc_row_inner][\/vc_column][\/vc_row][vc_row full_width=\u00a0\u00bbstretch_row\u00a0\u00bb equal_height=\u00a0\u00bbyes\u00a0\u00bb content_placement=\u00a0\u00bbmiddle\u00a0\u00bb el_class=\u00a0\u00bbrow welcome-section2&Prime;][vc_column el_class=\u00a0\u00bbwelcome-textss\u00a0\u00bb css=\u00a0\u00bb.vc_custom_1502184842754{padding-right: 0px !important;}\u00a0\u00bb][vc_column_text]<\/p>\n<div style=\"text-align: justify;\">\n<h1 class=\"this-title\">Fuite ou infiltration ? Aquadetect localise toutes vos fuites d\u2019eau rapidement et efficacement !<\/h1>\n<h2 class=\"this-stitle\">Pour d\u00e9tecter une fuite d\u2019eau sous terre, en toiture ou dans un mur, faites confiance \u00e0 nos experts.<\/h2>\n<p>Aquadetect est sp\u00e9cialis\u00e9 dans la <strong>d\u00e9tection non-destructive et la localisation pr\u00e9cise de fuites en sanitaire<\/strong>, chauffage, \u00e9vacuation, infiltration en toiture plate et fuite de piscine.<\/p>\n<p>Une canalisation enterr\u00e9e perc\u00e9e ? Une infiltration d\u2019eau sous votre terrasse ? Un probl\u00e8me d\u2019\u00e9tanch\u00e9it\u00e9 d\u2019une toiture plate ? Aucun souci, nos technologies de pointe permettent une d\u00e9tection non invasive.<\/p>\n<p><a class=\"btn btn-primary\" href=\"https:\/\/www.aquadetect.com\/fr\/toutes-les-technologies\/\">Technologies de d\u00e9tection<\/a> <button class=\"btn btn-primary\" type=\"button\" data-toggle=\"collapse\" data-target=\"#collapseReadmore\" aria-expanded=\"false\" aria-controls=\"collapseReadmore\">En savoir plus<\/button><\/p>\n<div id=\"collapseReadmore\" class=\"collapse\">\n<h2 class=\"this-stitle\">Comment trouver une fuite dans une piscine, un mur ou un toit ?<\/h2>\n<p>Aquadetect intervient chez vous avec des instruments ultra-pr\u00e9cis pour localiser la source de votre fuite. Gr\u00e2ce \u00e0 des techniques avanc\u00e9es, nous d\u00e9tectons les<strong> fuites d\u2019eau<\/strong> sous carrelage, localisons les infiltrations sous une terrasse ou un toit plat, et identifions les probl\u00e8mes d\u2019isolation en toiture plate. Le diagnostic est pr\u00e9cis et rapide.<\/p>\n<p>Nous utilisons diff\u00e9rentes m\u00e9thodes de d\u00e9tection adapt\u00e9es \u00e0 chaque situation : d\u00e9tection acoustique, hygrom\u00e9trique, colorant de tra\u00e7age ou gaz tra\u00e7ant, pour <strong>localiser pr\u00e9cis\u00e9ment la fuite<\/strong> et proposer des solutions de r\u00e9paration.<\/p>\n<p>Nous travaillons en partenariat avec les compagnies d\u2019assurance, assurant un suivi optimal si votre probl\u00e8me de fuite d&rsquo;eau est pris en charge par votre assurance. En cas de d\u00e9g\u00e2t des eaux ou de fuite due \u00e0 une installation d\u00e9fectueuse, votre contrat pourrait couvrir l\u2019intervention.<\/p>\n<p>Lors de chaque visite, un<strong> test de duret\u00e9 de l\u2019eau<\/strong> peut \u00eatre r\u00e9alis\u00e9 par notre technicien d\u00e9tecteur de fuites, afin de d\u00e9terminer si votre maison n\u00e9cessite un adoucisseur d\u2019eau. En effet, une eau trop dure peut endommager les canalisations, provoquant des fuites d\u2019eau.<\/p>\n<h2 class=\"this-stitle\">Une soci\u00e9t\u00e9 de d\u00e9tection de fuite d\u2019eau pour une intervention rapide<\/h2>\n<p>Pour une intervention rapide, contactez sans attendre Aquadetect. Nous nous engageons \u00e0 planifier un rendez-vous dans les 48 heures ouvrables suivant votre prise de contact. Un rapport d\u00e9taill\u00e9 de notre intervention vous sera fourni sous 48 heures, avec des explications sur la meilleure mani\u00e8re de r\u00e9soudre votre probl\u00e8me.<\/p>\n<p>Notre \u00e9quipe est form\u00e9e en continu aux derni\u00e8res technologies en mati\u00e8re de d\u00e9tection de fuites d\u2019eau et est \u00e9quip\u00e9e pour localiser tout type de fuite (toiture, piscine, canalisation\u2026). Nous choisissons la m\u00e9thode la plus adapt\u00e9e \u00e0 votre maison pour une intervention rapide et non invasive. Le co\u00fbt d\u2019une recherche de fuite d\u00e9pend de la m\u00e9thode utilis\u00e9e et de la dur\u00e9e de l\u2019intervention, mais nous nous effor\u00e7ons de trouver la solution la plus efficace pour chaque situation.<\/p>\n<p>Si vous suspectez une fuite d\u2019eau, agissez imm\u00e9diatement. Une fuite d\u00e9tect\u00e9e rapidement causera moins de d\u00e9g\u00e2ts et sera moins co\u00fbteuse \u00e0 r\u00e9parer qu\u2019un probl\u00e8me non trait\u00e9 qui se d\u00e9grade avec le temps.<\/p>\n<h2>Aquadetect intervient aussi en copropri\u00e9t\u00e9 pour la d\u00e9tection de fuites<\/h2>\n<p>Les fuites d&rsquo;eau en copropri\u00e9t\u00e9 peuvent \u00eatre complexes \u00e0 g\u00e9rer, impliquant plusieurs parties du b\u00e2timent. Qu&rsquo;il s&rsquo;agisse d&rsquo;infiltration ou de d\u00e9g\u00e2t des eaux, la recherche de fuite n\u00e9cessite l\u2019intervention d\u2019un professionnel. Aquadetect vous aide \u00e0 diagnostiquer la fuite et \u00e0 en identifier les causes, que ce soit une fuite apr\u00e8s compteur, une infiltration depuis le toit ou une fuite dans les garages.<\/p>\n<h2>Aquadetect accompagne les clients des assureurs pour la d\u00e9tection de fuites<\/h2>\n<p>Nous intervenons \u00e9galement pour les compagnies d\u2019assurance habitation, proposant une d\u00e9tection rapide et efficace pour vos clients. Que vous assuriez les fuites en toiture, les canalisations enterr\u00e9es, ou offriez une garantie d\u00e9cennale pour les d\u00e9g\u00e2ts des eaux, nous aidons vos clients \u00e0 r\u00e9soudre leur probl\u00e8me rapidement.<\/p>\n<p>Nous r\u00e9alisons des recherches de fuite non destructives prises en charge par l\u2019assurance et d\u00e9tectons l\u2019origine des fuites, que ce soit sous une terrasse, en toiture ou dans les canalisations ext\u00e9rieures. En cas de prise en charge par l\u2019assurance, Aquadetect intervient dans les plus brefs d\u00e9lais.<\/p><\/div>\n<\/div>\n<p>[\/vc_column_text][\/vc_column][\/vc_row][vc_row full_width=\u00a0\u00bbstretch_row\u00a0\u00bb css=\u00a0\u00bb.vc_custom_1503375795760{background-color: #f0f0f0 !important;}\u00a0\u00bb el_class=\u00a0\u00bbhome-services-row\u00a0\u00bb][vc_column el_class=\u00a0\u00bbservice-offers4&Prime;][tmc_custom_heading heading=\u00a0\u00bbNos technologies de d\u00e9tection de fuite\u00a0\u00bb][tmc_services_demo_five number=\u00a0\u00bb9&Prime; column=\u00a0\u00bb4&Prime; widget_title=\u00a0\u00bb\u00a0\u00bb][\/vc_column][\/vc_row][vc_row full_width=\u00a0\u00bbstretch_row\u00a0\u00bb el_class=\u00a0\u00bbabout-us-section\u00a0\u00bb css=\u00a0\u00bb.vc_custom_1502178431019{background-image: url(https:\/\/www.aquadetect.com\/fr\/wp-content\/uploads\/2016\/11\/bg7-aqua.jpg?id=1347) !important;}\u00a0\u00bb][vc_column el_class=\u00a0\u00bbfilterable-gallery3&Prime;][vc_row_inner][vc_column_inner el_class=\u00a0\u00bbawsm-responsive-width\u00a0\u00bb][vc_column_text]<\/p>\n<div class=\"row about-us-srow\">\n<div class=\"row m0 about-us-lists about-us-lists-img\"><img loading=\"lazy\" decoding=\"async\" class=\"alignnone size-medium wp-image-1515\" src=\"https:\/\/www.aquadetect.com\/fr\/wp-content\/uploads\/2016\/11\/janalyse-300x180-300x180.jpg\" alt=\"\" width=\"300\" height=\"180\" \/><img loading=\"lazy\" decoding=\"async\" class=\"alignnone size-medium wp-image-993\" src=\"https:\/\/www.aquadetect.com\/fr\/wp-content\/uploads\/2016\/11\/banner-site-300x180.jpg\" alt=\"\" width=\"300\" height=\"180\" srcset=\"https:\/\/www.aquadetect.com\/fr\/wp-content\/uploads\/2016\/11\/banner-site-300x180.jpg 300w, https:\/\/www.aquadetect.com\/fr\/wp-content\/uploads\/2016\/11\/banner-site-768x461.jpg 768w, https:\/\/www.aquadetect.com\/fr\/wp-content\/uploads\/2016\/11\/banner-site.jpg 970w\" sizes=\"(max-width: 300px) 100vw, 300px\" \/><\/div>\n<div class=\"row m0 about-us-lists\">\n<p class=\"this-title\">Nous nous engageons pour vous<\/p>\n<ul class=\"nav list2\">\n<li>Rapport avec photos remis sous 48h<\/li>\n<li>Analyse globale de votre probl\u00e9matique<\/li>\n<li>Formation permanente de nos techniciens<\/li>\n<li>Technologies de pointe, non-destructrices<\/li>\n<li>Plus de 65 ann\u00e9es d\u2019exp\u00e9rience dans le traitement de l\u2019humidit\u00e9<\/li>\n<\/ul>\n<\/div>\n<\/div>\n<p>[\/vc_column_text][\/vc_column_inner][\/vc_row_inner][\/vc_column][\/vc_row][vc_row full_width=\u00a0\u00bbstretch_row\u00a0\u00bb el_class=\u00a0\u00bbemmergency-leaks\u00a0\u00bb][vc_column][vc_column_text]<\/p>\n<p class=\"this-intro\">Nous travaillons avec toutes les compagnies d\u2019assurance<\/p>\n<h2 class=\"this-title\">Nous sommes \u00e0 votre disposition du lundi au samedi, toute la journ\u00e9e jusqu&rsquo;\u00e0 21h.<\/h2>\n<h2><strong>0 800 20 13 62<\/strong><\/h2>\n<p>&nbsp;<\/p>\n<p>&nbsp;<\/p>\n<p>&nbsp;<\/p>\n<p>[\/vc_column_text][\/vc_column][\/vc_row][vc_row full_width=\u00a0\u00bbstretch_row_content_no_spaces\u00a0\u00bb content_placement=\u00a0\u00bbmiddle\u00a0\u00bb el_class=\u00a0\u00bbnew_static_map\u00a0\u00bb][vc_column width=\u00a0\u00bb1\/2&Prime;][vc_single_image image=\u00a0\u00bb2543&Prime; img_size=\u00a0\u00bbfull\u00a0\u00bb][\/vc_column][vc_column width=\u00a0\u00bb1\/2&Prime; el_class=\u00a0\u00bbbg-blue-gradient\u00a0\u00bb][vc_column_text]<\/p>\n<div class=\"row\">\n<div class=\"col-xs-12 col-sm-6 col-md-12 col-lg-6 address\">\n<h3>Paris &#8211; Ile de France<\/h3>\n<div class=\"vc_row vc_row-flex\">\n<p>40 rue de Tr\u00e9vise<br \/>\n75009 PARIS<br \/>\n&#8212;&#8212;&#8212;&#8212;&#8212;&#8212;-<br \/>\n3 Rue du Noyer aux perdrix<br \/>\n77170 SERVON<br \/>\n&#8212;&#8212;&#8212;&#8212;&#8212;&#8212;-<br \/>\n30\/50 Rue de Panicale<br \/>\n78320 LA VERRIERE<br \/>\n&#8212;&#8212;&#8212;&#8212;&#8212;&#8212;-<br \/>\n0 800 20 13 62<br \/>\ninfo@aquadetect.com<\/div>\n<\/div>\n<\/div>\n<p>[\/vc_column_text][\/vc_column][\/vc_row]<\/p>\n<\/div>","protected":false},"excerpt":{"rendered":"<p>[vc_row full_width=\u00a0\u00bbstretch_row_content_no_spaces\u00a0\u00bb el_class=\u00a0\u00bbawsm-backgrnd-image-css\u00a0\u00bb css=\u00a0\u00bb.vc_custom_1507651069381{background-image: url(https:\/\/www.aquadetect.com\/fr\/wp-content\/uploads\/2016\/11\/slider1-1-1.jpg?id=1625) !important;}\u00a0\u00bb][vc_column el_class=\u00a0\u00bbcarousel-caption\u00a0\u00bb][vc_row_inner el_class=\u00a0\u00bbthm-container\u00a0\u00bb][vc_column_inner width=\u00a0\u00bb1\/2&Prime;][vc_column_text css=\u00a0\u00bb.vc_custom_1732529012441{padding-right: 10px !important;}\u00a0\u00bb] La d\u00e9tection de fuite personnalis\u00e9e et professionnelle Plus de 65 ann\u00e9es d\u2019exp\u00e9rience dans le traitement de l\u2019humidit\u00e9 Prise de rendez-vous rapide Diagnostic pr\u00e9cis et complet Intervention sous 48h [\/vc_column_text][\/vc_column_inner][vc_column_inner el_class=\u00a0\u00bbcontent\u00a0\u00bb width=\u00a0\u00bb1\/4&Prime;][vc_single_image image=\u00a0\u00bb1082&Prime; img_size=\u00a0\u00bb\u00a0\u00bb alignment=\u00a0\u00bbcenter\u00a0\u00bb][\/vc_column_inner][vc_column_inner el_class=\u00a0\u00bbcontent text-right box valign-top box-bottom form-appointment no-padding\u00a0\u00bb width=\u00a0\u00bb1\/4&Prime;][\/vc_column_inner][\/vc_row_inner][\/vc_column][\/vc_row][vc_row full_width=\u00a0\u00bbstretch_row\u00a0\u00bb [&hellip;]<\/p>\n","protected":false},"author":1,"featured_media":0,"parent":0,"menu_order":0,"comment_status":"closed","ping_status":"closed","template":"","meta":{"footnotes":""},"class_list":["post-12","page","type-page","status-publish","hentry"],"yoast_head":"<!-- This site is optimized with the Yoast SEO plugin v23.9 - https:\/\/yoast.com\/wordpress\/plugins\/seo\/ -->\n<title>Plombier d\u00e9tecteur de fuite &amp; \u00e9tanch\u00e9it\u00e9 de toiture plate | Aquadetect<\/title>\n<meta name=\"description\" content=\"Technologies non destructives de d\u00e9tection de fuites: canalisation enterr\u00e9e, d\u00e9tecter une fuite d&#039;eau sous le carrelage, fuite de piscine... on trouve tout.\" \/>\n<meta name=\"robots\" content=\"index, follow, max-snippet:-1, max-image-preview:large, max-video-preview:-1\" \/>\n<link rel=\"canonical\" href=\"https:\/\/www.aquadetect.com\/fr\/\" \/>\n<meta property=\"og:type\" content=\"article\" \/>\n<meta property=\"og:title\" content=\"Plombier d\u00e9tecteur de fuite &amp; \u00e9tanch\u00e9it\u00e9 de toiture plate | Aquadetect\" \/>\n<meta property=\"og:description\" content=\"Technologies non destructives de d\u00e9tection de fuites: canalisation enterr\u00e9e, d\u00e9tecter une fuite d&#039;eau sous le carrelage, fuite de piscine... on trouve tout.\" \/>\n<meta property=\"og:url\" content=\"https:\/\/www.aquadetect.com\/fr\/\" \/>\n<meta property=\"og:site_name\" content=\"Aquadetect\" \/>\n<meta property=\"article:publisher\" content=\"https:\/\/www.facebook.com\/profile.php?id=61567388334537\" \/>\n<meta property=\"article:modified_time\" content=\"2025-01-28T11:35:02+00:00\" \/>\n<meta property=\"og:image\" content=\"https:\/\/www.aquadetect.com\/fr\/wp-content\/uploads\/2016\/11\/fr7.jpg\" \/>\n<meta name=\"twitter:card\" content=\"summary_large_image\" \/>\n<meta name=\"twitter:title\" content=\"Plombier d\u00e9tecteur de fuite &amp; \u00e9tanch\u00e9it\u00e9 de toiture plate | Aquadetect\" \/>\n<meta name=\"twitter:description\" content=\"Technologies non destructives de d\u00e9tection de fuites: canalisation enterr\u00e9e, d\u00e9tecter une fuite d&#039;eau sous le carrelage, fuite de piscine... on trouve tout.\" \/>\n<meta name=\"twitter:label1\" content=\"Dur\u00e9e de lecture estim\u00e9e\" \/>\n\t<meta name=\"twitter:data1\" content=\"5 minutes\" \/>\n<script type=\"application\/ld+json\" class=\"yoast-schema-graph\">{\"@context\":\"https:\/\/schema.org\",\"@graph\":[{\"@type\":\"WebPage\",\"@id\":\"https:\/\/www.aquadetect.com\/fr\/\",\"url\":\"https:\/\/www.aquadetect.com\/fr\/\",\"name\":\"Plombier d\u00e9tecteur de fuite & \u00e9tanch\u00e9it\u00e9 de toiture plate | Aquadetect\",\"isPartOf\":{\"@id\":\"https:\/\/www.aquadetect.com\/fr\/#website\"},\"primaryImageOfPage\":{\"@id\":\"https:\/\/www.aquadetect.com\/fr\/#primaryimage\"},\"image\":{\"@id\":\"https:\/\/www.aquadetect.com\/fr\/#primaryimage\"},\"thumbnailUrl\":\"https:\/\/www.aquadetect.com\/fr\/wp-content\/uploads\/2016\/11\/janalyse-300x180-300x180.jpg\",\"datePublished\":\"2016-11-17T11:42:59+00:00\",\"dateModified\":\"2025-01-28T11:35:02+00:00\",\"description\":\"Technologies non destructives de d\u00e9tection de fuites: canalisation enterr\u00e9e, d\u00e9tecter une fuite d'eau sous le carrelage, fuite de piscine... on trouve tout.\",\"breadcrumb\":{\"@id\":\"https:\/\/www.aquadetect.com\/fr\/#breadcrumb\"},\"inLanguage\":\"fr-FR\",\"potentialAction\":[{\"@type\":\"ReadAction\",\"target\":[\"https:\/\/www.aquadetect.com\/fr\/\"]}]},{\"@type\":\"ImageObject\",\"inLanguage\":\"fr-FR\",\"@id\":\"https:\/\/www.aquadetect.com\/fr\/#primaryimage\",\"url\":\"https:\/\/www.aquadetect.com\/fr\/wp-content\/uploads\/2016\/11\/janalyse-300x180.jpg\",\"contentUrl\":\"https:\/\/www.aquadetect.com\/fr\/wp-content\/uploads\/2016\/11\/janalyse-300x180.jpg\",\"width\":300,\"height\":180},{\"@type\":\"BreadcrumbList\",\"@id\":\"https:\/\/www.aquadetect.com\/fr\/#breadcrumb\",\"itemListElement\":[{\"@type\":\"ListItem\",\"position\":1,\"name\":\"Home\",\"item\":\"https:\/\/www.aquadetect.com\/fr\/\"},{\"@type\":\"ListItem\",\"position\":2,\"name\":\"Accueil\"}]},{\"@type\":\"WebSite\",\"@id\":\"https:\/\/www.aquadetect.com\/fr\/#website\",\"url\":\"https:\/\/www.aquadetect.com\/fr\/\",\"name\":\"Aquadetect\",\"description\":\"\",\"publisher\":{\"@id\":\"https:\/\/www.aquadetect.com\/fr\/#organization\"},\"potentialAction\":[{\"@type\":\"SearchAction\",\"target\":{\"@type\":\"EntryPoint\",\"urlTemplate\":\"https:\/\/www.aquadetect.com\/fr\/?s={search_term_string}\"},\"query-input\":{\"@type\":\"PropertyValueSpecification\",\"valueRequired\":true,\"valueName\":\"search_term_string\"}}],\"inLanguage\":\"fr-FR\"},{\"@type\":\"Organization\",\"@id\":\"https:\/\/www.aquadetect.com\/fr\/#organization\",\"name\":\"Aquadetect\",\"url\":\"https:\/\/www.aquadetect.com\/fr\/\",\"logo\":{\"@type\":\"ImageObject\",\"inLanguage\":\"fr-FR\",\"@id\":\"https:\/\/www.aquadetect.com\/fr\/#\/schema\/logo\/image\/\",\"url\":\"https:\/\/www.aquadetect.com\/fr\/wp-content\/uploads\/2024\/10\/logo-site-Open-Graph-2.png\",\"contentUrl\":\"https:\/\/www.aquadetect.com\/fr\/wp-content\/uploads\/2024\/10\/logo-site-Open-Graph-2.png\",\"width\":2000,\"height\":1414,\"caption\":\"Aquadetect\"},\"image\":{\"@id\":\"https:\/\/www.aquadetect.com\/fr\/#\/schema\/logo\/image\/\"},\"sameAs\":[\"https:\/\/www.facebook.com\/profile.php?id=61567388334537\",\"https:\/\/www.linkedin.com\/company\/aquadetect-france\/\"]}]}<\/script>\n<!-- \/ Yoast SEO plugin. -->","yoast_head_json":{"title":"Plombier d\u00e9tecteur de fuite & \u00e9tanch\u00e9it\u00e9 de toiture plate | Aquadetect","description":"Technologies non destructives de d\u00e9tection de fuites: canalisation enterr\u00e9e, d\u00e9tecter une fuite d'eau sous le carrelage, fuite de piscine... on trouve tout.","robots":{"index":"index","follow":"follow","max-snippet":"max-snippet:-1","max-image-preview":"max-image-preview:large","max-video-preview":"max-video-preview:-1"},"canonical":"https:\/\/www.aquadetect.com\/fr\/","og_type":"article","og_title":"Plombier d\u00e9tecteur de fuite & \u00e9tanch\u00e9it\u00e9 de toiture plate | Aquadetect","og_description":"Technologies non destructives de d\u00e9tection de fuites: canalisation enterr\u00e9e, d\u00e9tecter une fuite d'eau sous le carrelage, fuite de piscine... on trouve tout.","og_url":"https:\/\/www.aquadetect.com\/fr\/","og_site_name":"Aquadetect","article_publisher":"https:\/\/www.facebook.com\/profile.php?id=61567388334537","article_modified_time":"2025-01-28T11:35:02+00:00","og_image":[{"url":"https:\/\/www.aquadetect.com\/fr\/wp-content\/uploads\/2016\/11\/fr7.jpg"}],"twitter_card":"summary_large_image","twitter_title":"Plombier d\u00e9tecteur de fuite & \u00e9tanch\u00e9it\u00e9 de toiture plate | Aquadetect","twitter_description":"Technologies non destructives de d\u00e9tection de fuites: canalisation enterr\u00e9e, d\u00e9tecter une fuite d'eau sous le carrelage, fuite de piscine... on trouve tout.","twitter_misc":{"Dur\u00e9e de lecture estim\u00e9e":"5 minutes"},"schema":{"@context":"https:\/\/schema.org","@graph":[{"@type":"WebPage","@id":"https:\/\/www.aquadetect.com\/fr\/","url":"https:\/\/www.aquadetect.com\/fr\/","name":"Plombier d\u00e9tecteur de fuite & \u00e9tanch\u00e9it\u00e9 de toiture plate | Aquadetect","isPartOf":{"@id":"https:\/\/www.aquadetect.com\/fr\/#website"},"primaryImageOfPage":{"@id":"https:\/\/www.aquadetect.com\/fr\/#primaryimage"},"image":{"@id":"https:\/\/www.aquadetect.com\/fr\/#primaryimage"},"thumbnailUrl":"https:\/\/www.aquadetect.com\/fr\/wp-content\/uploads\/2016\/11\/janalyse-300x180-300x180.jpg","datePublished":"2016-11-17T11:42:59+00:00","dateModified":"2025-01-28T11:35:02+00:00","description":"Technologies non destructives de d\u00e9tection de fuites: canalisation enterr\u00e9e, d\u00e9tecter une fuite d'eau sous le carrelage, fuite de piscine... on trouve tout.","breadcrumb":{"@id":"https:\/\/www.aquadetect.com\/fr\/#breadcrumb"},"inLanguage":"fr-FR","potentialAction":[{"@type":"ReadAction","target":["https:\/\/www.aquadetect.com\/fr\/"]}]},{"@type":"ImageObject","inLanguage":"fr-FR","@id":"https:\/\/www.aquadetect.com\/fr\/#primaryimage","url":"https:\/\/www.aquadetect.com\/fr\/wp-content\/uploads\/2016\/11\/janalyse-300x180.jpg","contentUrl":"https:\/\/www.aquadetect.com\/fr\/wp-content\/uploads\/2016\/11\/janalyse-300x180.jpg","width":300,"height":180},{"@type":"BreadcrumbList","@id":"https:\/\/www.aquadetect.com\/fr\/#breadcrumb","itemListElement":[{"@type":"ListItem","position":1,"name":"Home","item":"https:\/\/www.aquadetect.com\/fr\/"},{"@type":"ListItem","position":2,"name":"Accueil"}]},{"@type":"WebSite","@id":"https:\/\/www.aquadetect.com\/fr\/#website","url":"https:\/\/www.aquadetect.com\/fr\/","name":"Aquadetect","description":"","publisher":{"@id":"https:\/\/www.aquadetect.com\/fr\/#organization"},"potentialAction":[{"@type":"SearchAction","target":{"@type":"EntryPoint","urlTemplate":"https:\/\/www.aquadetect.com\/fr\/?s={search_term_string}"},"query-input":{"@type":"PropertyValueSpecification","valueRequired":true,"valueName":"search_term_string"}}],"inLanguage":"fr-FR"},{"@type":"Organization","@id":"https:\/\/www.aquadetect.com\/fr\/#organization","name":"Aquadetect","url":"https:\/\/www.aquadetect.com\/fr\/","logo":{"@type":"ImageObject","inLanguage":"fr-FR","@id":"https:\/\/www.aquadetect.com\/fr\/#\/schema\/logo\/image\/","url":"https:\/\/www.aquadetect.com\/fr\/wp-content\/uploads\/2024\/10\/logo-site-Open-Graph-2.png","contentUrl":"https:\/\/www.aquadetect.com\/fr\/wp-content\/uploads\/2024\/10\/logo-site-Open-Graph-2.png","width":2000,"height":1414,"caption":"Aquadetect"},"image":{"@id":"https:\/\/www.aquadetect.com\/fr\/#\/schema\/logo\/image\/"},"sameAs":["https:\/\/www.facebook.com\/profile.php?id=61567388334537","https:\/\/www.linkedin.com\/company\/aquadetect-france\/"]}]}},"_links":{"self":[{"href":"https:\/\/www.aquadetect.com\/fr\/wp-json\/wp\/v2\/pages\/12"}],"collection":[{"href":"https:\/\/www.aquadetect.com\/fr\/wp-json\/wp\/v2\/pages"}],"about":[{"href":"https:\/\/www.aquadetect.com\/fr\/wp-json\/wp\/v2\/types\/page"}],"author":[{"embeddable":true,"href":"https:\/\/www.aquadetect.com\/fr\/wp-json\/wp\/v2\/users\/1"}],"replies":[{"embeddable":true,"href":"https:\/\/www.aquadetect.com\/fr\/wp-json\/wp\/v2\/comments?post=12"}],"version-history":[{"count":99,"href":"https:\/\/www.aquadetect.com\/fr\/wp-json\/wp\/v2\/pages\/12\/revisions"}],"predecessor-version":[{"id":2640,"href":"https:\/\/www.aquadetect.com\/fr\/wp-json\/wp\/v2\/pages\/12\/revisions\/2640"}],"wp:attachment":[{"href":"https:\/\/www.aquadetect.com\/fr\/wp-json\/wp\/v2\/media?parent=12"}],"curies":[{"name":"wp","href":"https:\/\/api.w.org\/{rel}","templated":true}]}}