{"id":1870,"date":"2019-07-23T10:04:06","date_gmt":"2019-07-23T10:04:06","guid":{"rendered":"https:\/\/www.aquadetect.com\/fr\/?page_id=1870\/"},"modified":"2024-11-13T16:38:22","modified_gmt":"2024-11-13T15:38:22","slug":"politique-en-matiere-de-cookies","status":"publish","type":"page","link":"https:\/\/www.aquadetect.com\/fr\/politique-en-matiere-de-cookies\/","title":{"rendered":"Politique en mati\u00e8re de cookies"},"content":{"rendered":"<p><strong>Introduction<\/strong><\/p>\n<p>Cette Politique en mati\u00e8re de cookies explique ce que sont les cookies et comment ils sont utilis\u00e9s (ci-apr\u00e8s d\u00e9nomm\u00e9e \u00ab\u00a0<strong>Politique de cookies\u00a0<\/strong>\u00bb). Elle s\u2019adresse au public consultant les sites web de Aquadetect Fuites (ci-apr\u00e8s d\u00e9nomm\u00e9 le \u00ab\u00a0<strong>Visiteur<\/strong>\u00a0\u00bb ou \u00ab\u00a0<strong>vous<\/strong>\u00a0\u00bb).<\/p>\n<p>Aux fins de cette Politique de cookies\u00a0:<\/p>\n<ul>\n<li>\u00ab\u00a0Aquadetect\u00a0Fuites \u00bb doit \u00eatre interpr\u00e9t\u00e9 comme \u00e9tant le point de contact local en France de la soci\u00e9t\u00e9 anonyme MURPRO GROUP SA, qui est l\u00e9galement responsable du traitement de vos donn\u00e9es \u00e0 caract\u00e8re personnel (ci-apr\u00e8s d\u00e9nomm\u00e9 \u00ab\u00a0<strong>nous<\/strong>\u00bb);<\/li>\n<\/ul>\n<p>&nbsp;<\/p>\n<ul>\n<li>\u00ab\u00a0site web\u00a0\u00bb doit \u00eatre interpr\u00e9t\u00e9 comme regroupant tous les sites web g\u00e9r\u00e9s par AQUADETECT FUITES.<\/li>\n<\/ul>\n<p>&nbsp;<\/p>\n<p>MURPRO GROUP recommande vivement au Visiteur de lire la Politique de confidentialit\u00e9 et la Politique en mati\u00e8re de cookies, toutes deux importantes pour la protection des donn\u00e9es \u00e0 caract\u00e8re personnel.<\/p>\n<p><strong>G\u00e9n\u00e9ralit\u00e9s <\/strong><\/p>\n<p>Cette politique de cookies s\u2019applique \u00e0 tous les sites web g\u00e9r\u00e9s par AQUADETECT FUITES.<\/p>\n<p>Lorsque vous visitez notre site web pour la premi\u00e8re fois, vous verrez une banni\u00e8re. En fermant la banni\u00e8re ou en cliquant sur \u00ab\u00a0J\u2019accepte\u00a0\u00bb, vous donnez votre accord pour l\u2019utilisation de cookies. En utilisant notre site web, qui comporte un hyperlien vers notre politique de cookies visible sur chaque page, vous consentez implicitement \u00e0 l\u2019utilisation des cookies d\u00e9crits dans notre politique.<\/p>\n<p>Nous traitons les donn\u00e9es recueillies \u00e0 partir des cookies conform\u00e9ment \u00e0 notre Politique de confidentialit\u00e9, que <a href=\"https:\/\/www.aquadetect.com\/fr\/politique-relative-a-la-vie-privee-de-aquadetect\/\">vous pouvez consulter ici<\/a>. Pour toute question portant sur la mani\u00e8re dont nous collectons, stockons et utilisons vos donn\u00e9es \u00e0 caract\u00e8re personnel, veuillez vous reporter \u00e0 notre Politique de confidentialit\u00e9. Si vous ne trouvez pas de r\u00e9ponse \u00e0 une question concernant la mani\u00e8re dont nous utilisons les cookies dans ce document, veuillez prendre contact avec nous par l\u2019un des moyens suivants\u00a0:<\/p>\n<ul>\n<li>T\u00e9l\u00e9phone: 0685579480<\/li>\n<li>Email: <a href=\"mailto:info@aquadetectfuites.fr\">info@aquadetectfuites.fr<\/a><\/li>\n<li>Courrier: Rue du Noyer aux Perdrix, 3 \u00e0 77170 Servon &#8211; France<\/li>\n<\/ul>\n<p>Nous nous r\u00e9servons le droit de modifier la Politique de cookies et la Politique de confidentialit\u00e9. Nous invitons le Visiteur \u00e0 consulter r\u00e9guli\u00e8rement ces politiques pour se tenir inform\u00e9.<\/p>\n<p><strong>Que sont les cookies? <\/strong><\/p>\n<p>Un cookie est un petit fichier texte conserv\u00e9 par le site web\u00a0 sur votre ordinateur ou \u00a0appareil mobile lorsque vous visitez un site Internet. \u00a0Il permet \u00e0 ce dernier de suivre vos actions et de m\u00e9moriser vos pr\u00e9f\u00e9rences (telles que le nom d\u2019utilisateur, la langue, la taille de la police et d\u2019autres pr\u00e9f\u00e9rences d\u2019affichage) pendant un certain temps, afin que vous ne soyez pas oblig\u00e9 de les introduire \u00e0 nouveau \u00e0 chaque fois que vous visitez le site web ou que vous naviguez d\u2019une page \u00e0 l\u2019autre.<\/p>\n<p>Les cookies sont utilis\u00e9s pour optimiser votre navigation et pour simplifier les transactions en ligne. Ils nous permettent de vous reconna\u00eetre \u00e0 chaque fois que vous visitez notre site web et de rappeler vos param\u00e8tres personnalis\u00e9s. Ceci facilite et am\u00e9liore votre exp\u00e9rience de navigation. En outre, nous collectons des donn\u00e9es sur la mani\u00e8re dont vous consultez le site web, de fa\u00e7on \u00e0 am\u00e9liorer sa performance \u00a0globale en termes de vitesse et de fonctionnalit\u00e9s\/facilit\u00e9 d\u2019utilisation.<\/p>\n<p>Les cookies ne fonctionnent pas ind\u00e9pendamment du site web et n\u2019acc\u00e8dent en aucune mani\u00e8re aux donn\u00e9es stock\u00e9es dans votre ordinateur ou t\u00e9l\u00e9phone mobile.<\/p>\n<p><strong>Quelles sont les cat\u00e9gories de cookies que nous utilisons\u00a0?<\/strong><\/p>\n<p><strong><em>Nos cookies internes<\/em><\/strong><\/p>\n<p>Cookies de session<\/p>\n<p>Ces cookies sont n\u00e9cessaires pour la navigation et pour les diff\u00e9rentes fonctionnalit\u00e9s du site. Ils vous permettent de naviguer d\u2019une page \u00e0 l\u2019autre et de stocker les informations n\u00e9cessaires de fa\u00e7on \u00e0 compl\u00e9ter des formulaires\/champs libres. Le refus des cookies pourrait bloquer (totalement ou partiellement) l\u2019utilisation de diverses fonctionnalit\u00e9s du site web.<\/p>\n<p>Cookies fonctionnels<\/p>\n<p>Ces cookies facilitent et am\u00e9liorent votre exp\u00e9rience de navigation globale. Ils sont utilis\u00e9s pour personnaliser vos param\u00e8tres, \u00e0 votre demande.<\/p>\n<p>Cookies de suivi<\/p>\n<p>Ces cookies sont utilis\u00e9s pour suivre votre activit\u00e9 sur le site web. Ils collectent les donn\u00e9es suivantes\u00a0: nombre de visites au site web, dur\u00e9e d\u2019une session et donn\u00e9es concernant l\u2019int\u00e9r\u00eat port\u00e9 au contenu et aux interfaces par les Visiteurs.<\/p>\n<p><strong><em>Cookies tiers <\/em><\/strong><\/p>\n<p>Avec votre autorisation, les publicitaires tiers peuvent ins\u00e9rer des cookies sur votre navigateur pour recueillir davantage d\u2019informations sur vos habitudes de navigation et ainsi leur permettre de vous montrer des publicit\u00e9s cibl\u00e9es\u00a0 pendant que vous naviguez sur notre site web.<\/p>\n<p>Cookies \u00ab\u00a0DoubleClick\u00a0\u00bb<\/p>\n<p>Les cookies tiers sont \u00e9galement utilis\u00e9s pour g\u00e9rer et optimiser les campagnes publicitaires de AQUADETECT FUITES sur d\u2019autres sites web en utilisant \u00ab DoubleClick \u00bb, qui appartient \u00e0 Google. (Pour de plus amples renseignements sur l\u2019utilisation des cookies par Google, veuillez consulter les R\u00e8gles de confidentialit\u00e9 Google (<a href=\"https:\/\/www.google.com\/policies\/privacy\/\">https:\/\/www.google.com\/policies\/privacy)<\/a>). DoubleClick utilise les cookies pour conserver un journal des publicit\u00e9s affich\u00e9es aux navigateurs. Au moment de diffuser une publicit\u00e9 \u00e0 un navigateur, DoubleClick utilise l\u2019identit\u00e9 du navigateur pour v\u00e9rifier les publicit\u00e9s d\u00e9j\u00e0 diffus\u00e9es par DoubleClick \u00e0 un navigateur particulier.<\/p>\n<p>Cookies de remarketing<\/p>\n<p>Nous utilisons \u00e9galement des pixels de remarketing pour nos campagnes publicitaires, en particulier sur les r\u00e9seaux sociaux. Les pixels sont des fichiers GIF transparents constitu\u00e9s d\u2019un seul pixel qui sont ajout\u00e9s \u00e0 une page web. Le pixel communique avec les cookies sur un dispositif et extrait des informations de ces cookies sur l\u2019ordinateur du Visiteur, comme par exemple l\u2019adresse IP, permettant ainsi de savoir qui clique sur les publicit\u00e9s et atterrit sur une page de vente. Cela peut inclure un cookie cr\u00e9\u00e9 par les r\u00e9seaux sociaux, tels que Facebook Inc., sur les pages du site web de AQUADETECT FUITES. Ceci permet aux r\u00e9seaux sociaux de suivre les actions de leurs utilisateurs \u00e0 partir d\u2019une publicit\u00e9 diffus\u00e9e sur les r\u00e9seaux sociaux jusqu\u2019\u00e0 une page de notre site web. Les r\u00e9seaux sociaux peuvent alors (i) identifier, sur la plateforme utilisateur, qui a visit\u00e9 la page web associ\u00e9e ; (ii) fournir des services personnalis\u00e9s ; et (iii) placer davantage de publicit\u00e9s cibl\u00e9es. Les utilisateurs qui ne sont pas membres du r\u00e9seau social ne sont pas concern\u00e9s par ce traitement de donn\u00e9es.<\/p>\n<p>Vous trouverez de plus amples renseignements sur la collecte et le traitement des informations, sur l\u2019utilisation des donn\u00e9es par les r\u00e9seaux sociaux et sur les param\u00e8tres disponibles pour prot\u00e9ger votre vie priv\u00e9e dans les r\u00e8gles de confidentialit\u00e9 desdits r\u00e9seaux sociaux.<\/p>\n<p>Par ailleurs, nous utilisons des cookies pour\u00a0:<\/p>\n<ul>\n<li>Montrer des publicit\u00e9s cibl\u00e9es aux Visiteurs, afin d\u2019am\u00e9liorer les rapports sur les performances des campagnes et d\u2019\u00e9viter que les utilisateurs ne voient plusieurs fois les m\u00eames publicit\u00e9s\u00a0;<\/li>\n<li>Garder une trace de l\u2019identit\u00e9 d\u2019un Visiteur, de l\u2019horodatage initial (premi\u00e8re visite), du dernier horodatage (derni\u00e8re visite), de l\u2019horodatage actuel (cette visite) et du num\u00e9ro de session (incr\u00e9ments pour chaque session ult\u00e9rieure); et<\/li>\n<li>Analyser le comportement du Visiteur lorsqu\u2019il navigue sur nos sites.<\/li>\n<\/ul>\n<p>&nbsp;<\/p>\n<p>Ces cookies peuvent \u00eatre d\u00e9pos\u00e9s par les tiers suivants\u00a0:<\/p>\n<ul>\n<li>Adform: : cliquez ici pour de plus amples renseignements sur l\u2019utilisation des cookies sur le site de Adform: <a href=\"https:\/\/site.adform.com\/privacy-center\/website-privacy\/cookie-policy\/\">https:\/\/site.adform.com\/privacy-center\/website-privacy\/cookie-policy\/<\/a>;<\/li>\n<li>Freespee: cliquez ici pour de plus amples renseignements sur l\u2019utilisation des cookies sur le site de Freespee : <a href=\"https:\/\/www.freespee.com\/cookie-policy\/\">https:\/\/www.freespee.com\/cookie-policy\/<\/a><\/li>\n<li>Hubspot: cliquez ici pour de plus amples renseignements sur l\u2019utilisation des cookies sur le site de Hubsport: <a href=\"https:\/\/knowledge.hubspot.com\/articles\/KCS_Article\/Reports\/What-cookies-does-HubSpot-set-in-a-visitor-s-browser\">https:\/\/knowledge.hubspot.com\/articles\/KCS_Article\/Reports\/What-cookies-does-HubSpot-set-in-a-visitor-s-browser<\/a>;<\/li>\n<li>Facebook: cliquez ici pour de plus amples renseignements sur l\u2019utilisation des cookies sur le site de Facebook <a href=\"https:\/\/www.facebook.com\/policy\/cookies\/\">https:\/\/www.facebook.com\/policy\/cookies\/<\/a>.<\/li>\n<\/ul>\n<p>&nbsp;<\/p>\n<p>Vous pouvez vous d\u00e9sinscrire de ces cookies \u00e0 tout moment.<\/p>\n<p><strong><em>Informations d\u00e9taill\u00e9es sur certains cookies <\/em><\/strong><\/p>\n<p>Consentement aux \u00a0cookies d\u2019identit\u00e9 mobile<\/p>\n<p>Les cookies sont utilis\u00e9s pour identifier les Visiteurs lors d\u2019une visite d\u2019un site web et pour conserver une trace de la saisie des informations d\u2019un Visiteur lorsqu\u2019il remplit des formulaires, remplit des paniers d\u2019achat en ligne, etc. Ces cookies d\u00e9tecteront aussi tous les abus d\u2019authentification. Ils subsistent une session ou, dans certains cas, quelques heures apr\u00e8s l\u2019expiration de la session.<\/p>\n<p>Langue de l\u2019identit\u00e9 mobile<\/p>\n<p>Ces cookies permettent aux utilisateurs de personnaliser l\u2019interface du site web (c\u2019est-\u00e0-dire le choix de la langue, la police de caract\u00e8re, etc.) et de stocker des donn\u00e9es de fa\u00e7on \u00e0 visualiser le contenu multim\u00e9dia. Ces cookies expirent g\u00e9n\u00e9ralement apr\u00e8s une visite au site web.<\/p>\n<p>Cookies de suivi Google Analytics<\/p>\n<p>Ces cookies attribuent des nombres g\u00e9n\u00e9r\u00e9s arbitrairement aux Visiteurs du site web en tant que nom d\u2019utilisateur. Les cookies sont inclus dans chaque demande d\u2019acc\u00e8s \u00e0 n\u2019importe quelle page du site web pour calculer le nombre de visites au site, la dur\u00e9e d\u2019une session et toutes les donn\u00e9es relatives \u00e0 la campagne pour les rapports d\u2019analyse sur les sites web. Ils expirent 2 ans apr\u00e8s une visite au site web.<\/p>\n<p><strong>Notre utilisation des cookies\u00a0 <\/strong><\/p>\n<p>Les donn\u00e9es collect\u00e9es par les cookies seront toujours trait\u00e9es conform\u00e9ment \u00e0 notre politique de confidentialit\u00e9. \u00c0 cet \u00e9gard, nous partageons vos donn\u00e9es uniquement avec les tiers qui r\u00e9alisent des activit\u00e9s de traitement pour notre compte et conform\u00e9ment \u00e0 nos instructions et nos politiques en vigueur.<\/p>\n<p>Les donn\u00e9es \u00e0 caract\u00e8re personnel que nous collectons via les cookies sont utilis\u00e9es avant tout pour am\u00e9liorer votre exp\u00e9rience de navigation\/d\u2019utilisation ainsi que notre site web.<\/p>\n<p>Nous pouvons \u00e9galement utiliser ces donn\u00e9es \u00e0 caract\u00e8re personnel pour analyser vos pr\u00e9f\u00e9rences et\u00a0 votre comportement d\u2019achat pour nos \u00e9tudes de march\u00e9 g\u00e9n\u00e9rales.<\/p>\n<p>Certains cookies, comme les cookies de session, stockent et utilisent les donn\u00e9es uniquement pendant votre visite au site web. Les donn\u00e9es collect\u00e9es par les cookies fonctionnels et de suivi seront utilis\u00e9es aussi longtemps que vous visiterez le site et seront stock\u00e9es pour une dur\u00e9e de deux ans \u00e0 compter de votre derni\u00e8re consultation active du site, apr\u00e8s quoi elles seront supprim\u00e9es.<\/p>\n<p><strong>Votre gestion des cookies <\/strong><\/p>\n<p>Pour garantir l\u2019acc\u00e8s, la correction et la capacit\u00e9 \u00e0 retirer votre consentement \u00e0 tout moment en ce qui concerne l\u2019utilisation des cookies et le traitement de vos donn\u00e9es \u00e0 caract\u00e8re personnel par lesdits cookies, vous pouvez toujours g\u00e9rer les cookies via les param\u00e8tres personnels de votre navigateur web. Le navigateur web peut \u00eatre param\u00e9tr\u00e9 pour (i) bloquer tous les cookies, (ii) accepter\/bloquer certains cookies\u00a0; ou (iii) accepter tous les cookies.<\/p>\n<p>Si vous choisissez de supprimer ou de bloquer certains cookies, vous \u00e9prouverez sans doute quelques difficult\u00e9s avec le fonctionnement du site. Le blocage des cookies a en effet un impact sur le bon fonctionnement et la facilit\u00e9 de navigation. Par exemple, le fait de refuser tous les cookies emp\u00eachera toute transaction sur le web.<\/p>\n<p>Vous pouvez d\u00e9sactiver les cookies de ciblage\/publicitaires qui m\u00e9morisent vos habitudes de navigation et qui affichent des publicit\u00e9s cibl\u00e9es lorsque vous \u00eates en ligne. Si vous choisissez de d\u00e9sactiver ces cookies, vous verrez encore des publicit\u00e9s sur le web, mais elles ne seront peut-\u00eatre pas adapt\u00e9es \u00e0 vos centres d\u2019int\u00e9r\u00eat. Cela ne signifie pas que l\u2019on ne vous proposera pas des publicit\u00e9s lorsque vous \u00eates en ligne. Vous pouvez \u00e9galement g\u00e9rer ce type de cookies dans les param\u00e8tres de confidentialit\u00e9 du navigateur internet que vous utilisez.<\/p>\n<p>Chaque navigateur a sa propre configuration. Toutefois, en g\u00e9n\u00e9ral, vous pouvez consulter le menu \u00ab\u00a0Pr\u00e9f\u00e9rences\u00a0\u00bb ou \u00ab\u00a0Param\u00e8tres\u00a0\u00bb dans le coin sup\u00e9rieur droit pour changer les options pour les cookies ou pour consulter le menu \u00ab\u00a0aide\u00a0\u00bb. Pour un compl\u00e9ment d\u2019informations, veuillez cliquer sur les liens suivants\u00a0:<\/p>\n<p>&nbsp;<\/p>\n<ul>\n<li>Google Chrome:<\/li>\n<\/ul>\n<p><a href=\"https:\/\/support.google.com\/chrome\/answer\/95647?hl=fr-GB&amp;hlrm=nl\">https:\/\/support.google.com\/chrome\/answer\/95647?hl=fr-GB&amp;hlrm=nl <\/a><\/p>\n<ul>\n<li>Internet Explorer:<\/li>\n<\/ul>\n<p><a href=\"http:\/\/windows.microsoft.com\/fr-BE\/internet-explorer\/delete-manage-cookies#ie=ie-9\">http:\/\/windows.microsoft.com\/fr-BE\/internet-explorer\/delete-manage-cookies#ie=ie-9<\/a><\/p>\n<ul>\n<li>Mozilla Firefox:<\/li>\n<\/ul>\n<p><a href=\"http:\/\/support.mozilla.org\/fr\/kb\/activer-desactiver-cookies?s=cookies&amp;r=5&amp;as=s\">http:\/\/support.mozilla.org\/fr\/kb\/activer-desactiver-cookies?s=cookies&amp;r=5&amp;as=s<\/a><\/p>\n<ul>\n<li>Safari:<\/li>\n<\/ul>\n<p><a href=\"http:\/\/support.apple.com\/kb\/PH5042?viewlocale=fr_FR\">http:\/\/support.apple.com\/kb\/PH5042?viewlocale=fr_FR<\/a><\/p>\n<p>&nbsp;<\/p>\n<p>Pour plus de d\u00e9tails sur les cookies et sur la mani\u00e8re de modifier les param\u00e8tres de votre navigateur, vous pouvez \u00e9galement consulter:\u00a0 <u>www.allaboutcookies.org<\/u>.<\/p>\n<p><em>\u00a0<\/em><\/p>\n<p><em>\u00a0<\/em><\/p>\n<p><em>\u00a0<\/em><\/p>\n<p><em>Derni\u00e8re mise \u00e0 jour le 13\/11\/2024<\/em><\/p>\n","protected":false},"excerpt":{"rendered":"<p>Introduction Cette Politique en mati\u00e8re de cookies explique ce que sont les cookies et comment ils sont utilis\u00e9s (ci-apr\u00e8s d\u00e9nomm\u00e9e \u00ab\u00a0Politique de cookies\u00a0\u00bb). Elle s\u2019adresse au public consultant les sites web de Aquadetect Fuites (ci-apr\u00e8s d\u00e9nomm\u00e9 le \u00ab\u00a0Visiteur\u00a0\u00bb ou \u00ab\u00a0vous\u00a0\u00bb). Aux fins de cette Politique de cookies\u00a0: \u00ab\u00a0Aquadetect\u00a0Fuites \u00bb doit \u00eatre interpr\u00e9t\u00e9 comme \u00e9tant le [&hellip;]<\/p>\n","protected":false},"author":1,"featured_media":0,"parent":0,"menu_order":0,"comment_status":"closed","ping_status":"closed","template":"","meta":{"footnotes":""},"class_list":["post-1870","page","type-page","status-publish","hentry"],"yoast_head":"<!-- This site is optimized with the Yoast SEO plugin v23.9 - https:\/\/yoast.com\/wordpress\/plugins\/seo\/ -->\n<title>Politique en mati\u00e8re de cookies - Aquadetect<\/title>\n<meta name=\"robots\" content=\"index, follow, max-snippet:-1, max-image-preview:large, max-video-preview:-1\" \/>\n<link rel=\"canonical\" href=\"https:\/\/www.aquadetect.com\/fr\/politique-en-matiere-de-cookies\/\" \/>\n<meta property=\"og:type\" content=\"article\" \/>\n<meta property=\"og:title\" content=\"Politique en mati\u00e8re de cookies - Aquadetect\" \/>\n<meta property=\"og:description\" content=\"Introduction Cette Politique en mati\u00e8re de cookies explique ce que sont les cookies et comment ils sont utilis\u00e9s (ci-apr\u00e8s d\u00e9nomm\u00e9e \u00ab\u00a0Politique de cookies\u00a0\u00bb). Elle s\u2019adresse au public consultant les sites web de Aquadetect Fuites (ci-apr\u00e8s d\u00e9nomm\u00e9 le \u00ab\u00a0Visiteur\u00a0\u00bb ou \u00ab\u00a0vous\u00a0\u00bb). Aux fins de cette Politique de cookies\u00a0: \u00ab\u00a0Aquadetect\u00a0Fuites \u00bb doit \u00eatre interpr\u00e9t\u00e9 comme \u00e9tant le [&hellip;]\" \/>\n<meta property=\"og:url\" content=\"https:\/\/www.aquadetect.com\/fr\/politique-en-matiere-de-cookies\/\" \/>\n<meta property=\"og:site_name\" content=\"Aquadetect\" \/>\n<meta property=\"article:publisher\" content=\"https:\/\/www.facebook.com\/profile.php?id=61567388334537\" \/>\n<meta property=\"article:modified_time\" content=\"2024-11-13T15:38:22+00:00\" \/>\n<meta name=\"twitter:card\" content=\"summary_large_image\" \/>\n<meta name=\"twitter:label1\" content=\"Dur\u00e9e de lecture estim\u00e9e\" \/>\n\t<meta name=\"twitter:data1\" content=\"10 minutes\" \/>\n<script type=\"application\/ld+json\" class=\"yoast-schema-graph\">{\"@context\":\"https:\/\/schema.org\",\"@graph\":[{\"@type\":\"WebPage\",\"@id\":\"https:\/\/www.aquadetect.com\/fr\/politique-en-matiere-de-cookies\/\",\"url\":\"https:\/\/www.aquadetect.com\/fr\/politique-en-matiere-de-cookies\/\",\"name\":\"Politique en mati\u00e8re de cookies - Aquadetect\",\"isPartOf\":{\"@id\":\"https:\/\/www.aquadetect.com\/fr\/#website\"},\"datePublished\":\"2019-07-23T10:04:06+00:00\",\"dateModified\":\"2024-11-13T15:38:22+00:00\",\"breadcrumb\":{\"@id\":\"https:\/\/www.aquadetect.com\/fr\/politique-en-matiere-de-cookies\/#breadcrumb\"},\"inLanguage\":\"fr-FR\",\"potentialAction\":[{\"@type\":\"ReadAction\",\"target\":[\"https:\/\/www.aquadetect.com\/fr\/politique-en-matiere-de-cookies\/\"]}]},{\"@type\":\"BreadcrumbList\",\"@id\":\"https:\/\/www.aquadetect.com\/fr\/politique-en-matiere-de-cookies\/#breadcrumb\",\"itemListElement\":[{\"@type\":\"ListItem\",\"position\":1,\"name\":\"Home\",\"item\":\"https:\/\/www.aquadetect.com\/fr\/\"},{\"@type\":\"ListItem\",\"position\":2,\"name\":\"Politique en mati\u00e8re de cookies\"}]},{\"@type\":\"WebSite\",\"@id\":\"https:\/\/www.aquadetect.com\/fr\/#website\",\"url\":\"https:\/\/www.aquadetect.com\/fr\/\",\"name\":\"Aquadetect\",\"description\":\"\",\"publisher\":{\"@id\":\"https:\/\/www.aquadetect.com\/fr\/#organization\"},\"potentialAction\":[{\"@type\":\"SearchAction\",\"target\":{\"@type\":\"EntryPoint\",\"urlTemplate\":\"https:\/\/www.aquadetect.com\/fr\/?s={search_term_string}\"},\"query-input\":{\"@type\":\"PropertyValueSpecification\",\"valueRequired\":true,\"valueName\":\"search_term_string\"}}],\"inLanguage\":\"fr-FR\"},{\"@type\":\"Organization\",\"@id\":\"https:\/\/www.aquadetect.com\/fr\/#organization\",\"name\":\"Aquadetect\",\"url\":\"https:\/\/www.aquadetect.com\/fr\/\",\"logo\":{\"@type\":\"ImageObject\",\"inLanguage\":\"fr-FR\",\"@id\":\"https:\/\/www.aquadetect.com\/fr\/#\/schema\/logo\/image\/\",\"url\":\"https:\/\/www.aquadetect.com\/fr\/wp-content\/uploads\/2024\/10\/logo-site-Open-Graph-2.png\",\"contentUrl\":\"https:\/\/www.aquadetect.com\/fr\/wp-content\/uploads\/2024\/10\/logo-site-Open-Graph-2.png\",\"width\":2000,\"height\":1414,\"caption\":\"Aquadetect\"},\"image\":{\"@id\":\"https:\/\/www.aquadetect.com\/fr\/#\/schema\/logo\/image\/\"},\"sameAs\":[\"https:\/\/www.facebook.com\/profile.php?id=61567388334537\",\"https:\/\/www.linkedin.com\/company\/aquadetect-france\/\"]}]}<\/script>\n<!-- \/ Yoast SEO plugin. -->","yoast_head_json":{"title":"Politique en mati\u00e8re de cookies - Aquadetect","robots":{"index":"index","follow":"follow","max-snippet":"max-snippet:-1","max-image-preview":"max-image-preview:large","max-video-preview":"max-video-preview:-1"},"canonical":"https:\/\/www.aquadetect.com\/fr\/politique-en-matiere-de-cookies\/","og_type":"article","og_title":"Politique en mati\u00e8re de cookies - Aquadetect","og_description":"Introduction Cette Politique en mati\u00e8re de cookies explique ce que sont les cookies et comment ils sont utilis\u00e9s (ci-apr\u00e8s d\u00e9nomm\u00e9e \u00ab\u00a0Politique de cookies\u00a0\u00bb). Elle s\u2019adresse au public consultant les sites web de Aquadetect Fuites (ci-apr\u00e8s d\u00e9nomm\u00e9 le \u00ab\u00a0Visiteur\u00a0\u00bb ou \u00ab\u00a0vous\u00a0\u00bb). Aux fins de cette Politique de cookies\u00a0: \u00ab\u00a0Aquadetect\u00a0Fuites \u00bb doit \u00eatre interpr\u00e9t\u00e9 comme \u00e9tant le [&hellip;]","og_url":"https:\/\/www.aquadetect.com\/fr\/politique-en-matiere-de-cookies\/","og_site_name":"Aquadetect","article_publisher":"https:\/\/www.facebook.com\/profile.php?id=61567388334537","article_modified_time":"2024-11-13T15:38:22+00:00","twitter_card":"summary_large_image","twitter_misc":{"Dur\u00e9e de lecture estim\u00e9e":"10 minutes"},"schema":{"@context":"https:\/\/schema.org","@graph":[{"@type":"WebPage","@id":"https:\/\/www.aquadetect.com\/fr\/politique-en-matiere-de-cookies\/","url":"https:\/\/www.aquadetect.com\/fr\/politique-en-matiere-de-cookies\/","name":"Politique en mati\u00e8re de cookies - Aquadetect","isPartOf":{"@id":"https:\/\/www.aquadetect.com\/fr\/#website"},"datePublished":"2019-07-23T10:04:06+00:00","dateModified":"2024-11-13T15:38:22+00:00","breadcrumb":{"@id":"https:\/\/www.aquadetect.com\/fr\/politique-en-matiere-de-cookies\/#breadcrumb"},"inLanguage":"fr-FR","potentialAction":[{"@type":"ReadAction","target":["https:\/\/www.aquadetect.com\/fr\/politique-en-matiere-de-cookies\/"]}]},{"@type":"BreadcrumbList","@id":"https:\/\/www.aquadetect.com\/fr\/politique-en-matiere-de-cookies\/#breadcrumb","itemListElement":[{"@type":"ListItem","position":1,"name":"Home","item":"https:\/\/www.aquadetect.com\/fr\/"},{"@type":"ListItem","position":2,"name":"Politique en mati\u00e8re de cookies"}]},{"@type":"WebSite","@id":"https:\/\/www.aquadetect.com\/fr\/#website","url":"https:\/\/www.aquadetect.com\/fr\/","name":"Aquadetect","description":"","publisher":{"@id":"https:\/\/www.aquadetect.com\/fr\/#organization"},"potentialAction":[{"@type":"SearchAction","target":{"@type":"EntryPoint","urlTemplate":"https:\/\/www.aquadetect.com\/fr\/?s={search_term_string}"},"query-input":{"@type":"PropertyValueSpecification","valueRequired":true,"valueName":"search_term_string"}}],"inLanguage":"fr-FR"},{"@type":"Organization","@id":"https:\/\/www.aquadetect.com\/fr\/#organization","name":"Aquadetect","url":"https:\/\/www.aquadetect.com\/fr\/","logo":{"@type":"ImageObject","inLanguage":"fr-FR","@id":"https:\/\/www.aquadetect.com\/fr\/#\/schema\/logo\/image\/","url":"https:\/\/www.aquadetect.com\/fr\/wp-content\/uploads\/2024\/10\/logo-site-Open-Graph-2.png","contentUrl":"https:\/\/www.aquadetect.com\/fr\/wp-content\/uploads\/2024\/10\/logo-site-Open-Graph-2.png","width":2000,"height":1414,"caption":"Aquadetect"},"image":{"@id":"https:\/\/www.aquadetect.com\/fr\/#\/schema\/logo\/image\/"},"sameAs":["https:\/\/www.facebook.com\/profile.php?id=61567388334537","https:\/\/www.linkedin.com\/company\/aquadetect-france\/"]}]}},"_links":{"self":[{"href":"https:\/\/www.aquadetect.com\/fr\/wp-json\/wp\/v2\/pages\/1870"}],"collection":[{"href":"https:\/\/www.aquadetect.com\/fr\/wp-json\/wp\/v2\/pages"}],"about":[{"href":"https:\/\/www.aquadetect.com\/fr\/wp-json\/wp\/v2\/types\/page"}],"author":[{"embeddable":true,"href":"https:\/\/www.aquadetect.com\/fr\/wp-json\/wp\/v2\/users\/1"}],"replies":[{"embeddable":true,"href":"https:\/\/www.aquadetect.com\/fr\/wp-json\/wp\/v2\/comments?post=1870"}],"version-history":[{"count":5,"href":"https:\/\/www.aquadetect.com\/fr\/wp-json\/wp\/v2\/pages\/1870\/revisions"}],"predecessor-version":[{"id":2597,"href":"https:\/\/www.aquadetect.com\/fr\/wp-json\/wp\/v2\/pages\/1870\/revisions\/2597"}],"wp:attachment":[{"href":"https:\/\/www.aquadetect.com\/fr\/wp-json\/wp\/v2\/media?parent=1870"}],"curies":[{"name":"wp","href":"https:\/\/api.w.org\/{rel}","templated":true}]}}