{"id":2396,"date":"2022-11-07T09:50:28","date_gmt":"2022-11-07T09:50:28","guid":{"rendered":"https:\/\/www.aquadetect.com\/fr\/?page_id=2396"},"modified":"2024-10-03T08:16:07","modified_gmt":"2024-10-03T07:16:07","slug":"assureur","status":"publish","type":"page","link":"https:\/\/www.aquadetect.com\/fr\/assureur\/","title":{"rendered":"Assureur"},"content":{"rendered":"<div class=\"wpb-content-wrapper\"><p>[vc_row][vc_column][vc_column_text]<\/p>\n<h3 class=\"offer-title\">D\u00e9tection de fuite rapide et rapport technique complet<\/h3>\n<p>Que vous soyez une compagnie d\u2019assurances ou un courtier, Aquadetect vous accompagne pour constituer les dossiers de vos clients en fournissant un rapport technique clair, pr\u00e9cis et complet sur la d\u00e9tection de fuites d\u2019eau dans la maison.<\/p>\n<p>Filiale d\u2019un Groupe international avec plus de 60 ans d\u2019exp\u00e9rience dans le traitement de l\u2019humidit\u00e9, Aquadetect est expert en d\u00e9tection de fuites dans les installations sanitaires, de chauffage et d\u2019\u00e9vacuation. Gr\u00e2ce \u00e0 des technologies non destructives de pointe, nous identifions avec pr\u00e9cision la nature exacte du probl\u00e8me tout en minimisant les travaux n\u00e9cessaires.<\/p>\n<p>Nos techniciens, form\u00e9s en continu, offrent une expertise de haute qualit\u00e9 sur le terrain, perturbant le moins possible vos clients.<\/p>\n<p>Chaque rapport inclut une description d\u00e9taill\u00e9e du probl\u00e8me d\u00e9tect\u00e9, ainsi que des recommandations pour les r\u00e9parations \u00e0 effectuer.<\/p>\n<h3 class=\"offer-title\">Pourquoi choisir Aquadetect ?<\/h3>\n<ul class=\"key-feature-list nav nav-pills\">\n<li>Prise de rendez-vous rapide, sous 24h ouvrables<\/li>\n<li>Priorit\u00e9 accord\u00e9e \u00e0 la satisfaction client<\/li>\n<li>Diagnostic pr\u00e9cis<\/li>\n<li>Prix concurrentiel<\/li>\n<li>Travaux non intrusifs<\/li>\n<li>\u00c9quipe de techniciens qui se d\u00e9placent dans toute l\u2019Ile de France.<\/li>\n<li>Recours aux technologies les plus sophistiqu\u00e9es et les moins invasives dans le domaine ;<\/li>\n<li>Remise d\u2019un rapport complet, avec photos, dans les 48h ouvrables suivant la d\u00e9tection ;<\/li>\n<li>Remise de la facture sous 48h ouvrables<\/li>\n<li>Paiement des factures \u00e0 30 jours.<\/li>\n<\/ul>\n<h3 class=\"offer-title\">Notre partenariat<\/h3>\n<p>Lors de la mise en place de notre partenariat, nous organiserons une d\u00e9monstration des diff\u00e9rents appareils et technologies que nous utilisons quotidiennement.<\/p>\n<p>Vous aurez acc\u00e8s direct au num\u00e9ro de t\u00e9l\u00e9phone du directeur de d\u00e9partement d\u2019Aquadetect pour un traitement optimal de vos demandes.<\/p>\n<p>De plus, vous pourrez consulter tous vos rapports d\u2019intervention et factures via votre compte privatif sur notre site internet.<\/p>\n<p>&#8211; Profitez de prix d\u00e9gressifs en fonction du nombre de demandes ;<br \/>\n&#8211; Restez inform\u00e9 des derni\u00e8res nouveaut\u00e9s et technologies utilis\u00e9es par Aquadetect.[\/vc_column_text][vc_column_text css=\u00a0\u00bb.vc_custom_1693230831793{margin-top: 50px !important;margin-bottom: 50px !important;}\u00a0\u00bb]<\/p>\n<div class=\"text-center\">\n<h3 class=\"offer-title\"><span class=\"ui-provider en bjq bjr bjs bjt bju bjv bjw bjx bjy bjz bka bkb bkc bkd bke bkf bkg bkh bki bkj bkk bkl bkm bkn bko bkp bkq bkr bks bkt bku bkv bkw bkx\" dir=\"ltr\">Il nous font confiance <\/span>!<\/h3>\n<\/div>\n<p>&nbsp;<\/p>\n<p>&nbsp;<\/p>\n<div class=\"text-center\">\n<p><img decoding=\"async\" src=\"https:\/\/www.aquadetect.com\/fr\/wp-content\/uploads\/2022\/12\/sponsors-min-1-scaled.jpg\" alt=\"Sponsors\" width=\"100%\" \/><\/p>\n<\/div>\n<p>[\/vc_column_text][vc_column_text]<\/p>\n<div class=\"appointment-banner media\">\n<div class=\"media-body\">\n<h2 class=\"ab-title\">Pour plus d&rsquo;infos, contactez-nous<\/h2>\n<\/div>\n<div class=\"media-right\"><a class=\"btn btn-primary\" href=\"https:\/\/www.aquadetect.com\/fr\/contact-assureur\/\">Contacter<\/a><\/div>\n<\/div>\n<p>[\/vc_column_text][\/vc_column][\/vc_row]<\/p>\n<\/div>","protected":false},"excerpt":{"rendered":"<p>[vc_row][vc_column][vc_column_text] D\u00e9tection de fuite rapide et rapport technique complet Que vous soyez une compagnie d\u2019assurances ou un courtier, Aquadetect vous accompagne pour constituer les dossiers de vos clients en fournissant un rapport technique clair, pr\u00e9cis et complet sur la d\u00e9tection de fuites d\u2019eau dans la maison. Filiale d\u2019un Groupe international avec plus de 60 ans [&hellip;]<\/p>\n","protected":false},"author":1,"featured_media":0,"parent":0,"menu_order":0,"comment_status":"closed","ping_status":"closed","template":"","meta":{"footnotes":""},"class_list":["post-2396","page","type-page","status-publish","hentry"],"yoast_head":"<!-- This site is optimized with the Yoast SEO plugin v23.9 - https:\/\/yoast.com\/wordpress\/plugins\/seo\/ -->\n<title>Assureur - Aquadetect<\/title>\n<meta name=\"robots\" content=\"index, follow, max-snippet:-1, max-image-preview:large, max-video-preview:-1\" \/>\n<link rel=\"canonical\" href=\"https:\/\/www.aquadetect.com\/fr\/assureur\/\" \/>\n<meta property=\"og:type\" content=\"article\" \/>\n<meta property=\"og:title\" content=\"Assureur - Aquadetect\" \/>\n<meta property=\"og:description\" content=\"[vc_row][vc_column][vc_column_text] D\u00e9tection de fuite rapide et rapport technique complet Que vous soyez une compagnie d\u2019assurances ou un courtier, Aquadetect vous accompagne pour constituer les dossiers de vos clients en fournissant un rapport technique clair, pr\u00e9cis et complet sur la d\u00e9tection de fuites d\u2019eau dans la maison. Filiale d\u2019un Groupe international avec plus de 60 ans [&hellip;]\" \/>\n<meta property=\"og:url\" content=\"https:\/\/www.aquadetect.com\/fr\/assureur\/\" \/>\n<meta property=\"og:site_name\" content=\"Aquadetect\" \/>\n<meta property=\"article:publisher\" content=\"https:\/\/www.facebook.com\/profile.php?id=61567388334537\" \/>\n<meta property=\"article:modified_time\" content=\"2024-10-03T07:16:07+00:00\" \/>\n<meta property=\"og:image\" content=\"https:\/\/www.aquadetect.com\/fr\/wp-content\/uploads\/2022\/12\/sponsors-min-1-scaled.jpg\" \/>\n<meta name=\"twitter:card\" content=\"summary_large_image\" \/>\n<meta name=\"twitter:label1\" content=\"Dur\u00e9e de lecture estim\u00e9e\" \/>\n\t<meta name=\"twitter:data1\" content=\"2 minutes\" \/>\n<script type=\"application\/ld+json\" class=\"yoast-schema-graph\">{\"@context\":\"https:\/\/schema.org\",\"@graph\":[{\"@type\":\"WebPage\",\"@id\":\"https:\/\/www.aquadetect.com\/fr\/assureur\/\",\"url\":\"https:\/\/www.aquadetect.com\/fr\/assureur\/\",\"name\":\"Assureur - Aquadetect\",\"isPartOf\":{\"@id\":\"https:\/\/www.aquadetect.com\/fr\/#website\"},\"primaryImageOfPage\":{\"@id\":\"https:\/\/www.aquadetect.com\/fr\/assureur\/#primaryimage\"},\"image\":{\"@id\":\"https:\/\/www.aquadetect.com\/fr\/assureur\/#primaryimage\"},\"thumbnailUrl\":\"https:\/\/www.aquadetect.com\/fr\/wp-content\/uploads\/2022\/12\/sponsors-min-1-scaled.jpg\",\"datePublished\":\"2022-11-07T09:50:28+00:00\",\"dateModified\":\"2024-10-03T07:16:07+00:00\",\"breadcrumb\":{\"@id\":\"https:\/\/www.aquadetect.com\/fr\/assureur\/#breadcrumb\"},\"inLanguage\":\"fr-FR\",\"potentialAction\":[{\"@type\":\"ReadAction\",\"target\":[\"https:\/\/www.aquadetect.com\/fr\/assureur\/\"]}]},{\"@type\":\"ImageObject\",\"inLanguage\":\"fr-FR\",\"@id\":\"https:\/\/www.aquadetect.com\/fr\/assureur\/#primaryimage\",\"url\":\"https:\/\/www.aquadetect.com\/fr\/wp-content\/uploads\/2022\/12\/sponsors-min-1-scaled.jpg\",\"contentUrl\":\"https:\/\/www.aquadetect.com\/fr\/wp-content\/uploads\/2022\/12\/sponsors-min-1-scaled.jpg\",\"width\":2560,\"height\":461},{\"@type\":\"BreadcrumbList\",\"@id\":\"https:\/\/www.aquadetect.com\/fr\/assureur\/#breadcrumb\",\"itemListElement\":[{\"@type\":\"ListItem\",\"position\":1,\"name\":\"Home\",\"item\":\"https:\/\/www.aquadetect.com\/fr\/\"},{\"@type\":\"ListItem\",\"position\":2,\"name\":\"Assureur\"}]},{\"@type\":\"WebSite\",\"@id\":\"https:\/\/www.aquadetect.com\/fr\/#website\",\"url\":\"https:\/\/www.aquadetect.com\/fr\/\",\"name\":\"Aquadetect\",\"description\":\"\",\"publisher\":{\"@id\":\"https:\/\/www.aquadetect.com\/fr\/#organization\"},\"potentialAction\":[{\"@type\":\"SearchAction\",\"target\":{\"@type\":\"EntryPoint\",\"urlTemplate\":\"https:\/\/www.aquadetect.com\/fr\/?s={search_term_string}\"},\"query-input\":{\"@type\":\"PropertyValueSpecification\",\"valueRequired\":true,\"valueName\":\"search_term_string\"}}],\"inLanguage\":\"fr-FR\"},{\"@type\":\"Organization\",\"@id\":\"https:\/\/www.aquadetect.com\/fr\/#organization\",\"name\":\"Aquadetect\",\"url\":\"https:\/\/www.aquadetect.com\/fr\/\",\"logo\":{\"@type\":\"ImageObject\",\"inLanguage\":\"fr-FR\",\"@id\":\"https:\/\/www.aquadetect.com\/fr\/#\/schema\/logo\/image\/\",\"url\":\"https:\/\/www.aquadetect.com\/fr\/wp-content\/uploads\/2024\/10\/logo-site-Open-Graph-2.png\",\"contentUrl\":\"https:\/\/www.aquadetect.com\/fr\/wp-content\/uploads\/2024\/10\/logo-site-Open-Graph-2.png\",\"width\":2000,\"height\":1414,\"caption\":\"Aquadetect\"},\"image\":{\"@id\":\"https:\/\/www.aquadetect.com\/fr\/#\/schema\/logo\/image\/\"},\"sameAs\":[\"https:\/\/www.facebook.com\/profile.php?id=61567388334537\",\"https:\/\/www.linkedin.com\/company\/aquadetect-france\/\"]}]}<\/script>\n<!-- \/ Yoast SEO plugin. -->","yoast_head_json":{"title":"Assureur - Aquadetect","robots":{"index":"index","follow":"follow","max-snippet":"max-snippet:-1","max-image-preview":"max-image-preview:large","max-video-preview":"max-video-preview:-1"},"canonical":"https:\/\/www.aquadetect.com\/fr\/assureur\/","og_type":"article","og_title":"Assureur - Aquadetect","og_description":"[vc_row][vc_column][vc_column_text] D\u00e9tection de fuite rapide et rapport technique complet Que vous soyez une compagnie d\u2019assurances ou un courtier, Aquadetect vous accompagne pour constituer les dossiers de vos clients en fournissant un rapport technique clair, pr\u00e9cis et complet sur la d\u00e9tection de fuites d\u2019eau dans la maison. Filiale d\u2019un Groupe international avec plus de 60 ans [&hellip;]","og_url":"https:\/\/www.aquadetect.com\/fr\/assureur\/","og_site_name":"Aquadetect","article_publisher":"https:\/\/www.facebook.com\/profile.php?id=61567388334537","article_modified_time":"2024-10-03T07:16:07+00:00","og_image":[{"url":"https:\/\/www.aquadetect.com\/fr\/wp-content\/uploads\/2022\/12\/sponsors-min-1-scaled.jpg"}],"twitter_card":"summary_large_image","twitter_misc":{"Dur\u00e9e de lecture estim\u00e9e":"2 minutes"},"schema":{"@context":"https:\/\/schema.org","@graph":[{"@type":"WebPage","@id":"https:\/\/www.aquadetect.com\/fr\/assureur\/","url":"https:\/\/www.aquadetect.com\/fr\/assureur\/","name":"Assureur - Aquadetect","isPartOf":{"@id":"https:\/\/www.aquadetect.com\/fr\/#website"},"primaryImageOfPage":{"@id":"https:\/\/www.aquadetect.com\/fr\/assureur\/#primaryimage"},"image":{"@id":"https:\/\/www.aquadetect.com\/fr\/assureur\/#primaryimage"},"thumbnailUrl":"https:\/\/www.aquadetect.com\/fr\/wp-content\/uploads\/2022\/12\/sponsors-min-1-scaled.jpg","datePublished":"2022-11-07T09:50:28+00:00","dateModified":"2024-10-03T07:16:07+00:00","breadcrumb":{"@id":"https:\/\/www.aquadetect.com\/fr\/assureur\/#breadcrumb"},"inLanguage":"fr-FR","potentialAction":[{"@type":"ReadAction","target":["https:\/\/www.aquadetect.com\/fr\/assureur\/"]}]},{"@type":"ImageObject","inLanguage":"fr-FR","@id":"https:\/\/www.aquadetect.com\/fr\/assureur\/#primaryimage","url":"https:\/\/www.aquadetect.com\/fr\/wp-content\/uploads\/2022\/12\/sponsors-min-1-scaled.jpg","contentUrl":"https:\/\/www.aquadetect.com\/fr\/wp-content\/uploads\/2022\/12\/sponsors-min-1-scaled.jpg","width":2560,"height":461},{"@type":"BreadcrumbList","@id":"https:\/\/www.aquadetect.com\/fr\/assureur\/#breadcrumb","itemListElement":[{"@type":"ListItem","position":1,"name":"Home","item":"https:\/\/www.aquadetect.com\/fr\/"},{"@type":"ListItem","position":2,"name":"Assureur"}]},{"@type":"WebSite","@id":"https:\/\/www.aquadetect.com\/fr\/#website","url":"https:\/\/www.aquadetect.com\/fr\/","name":"Aquadetect","description":"","publisher":{"@id":"https:\/\/www.aquadetect.com\/fr\/#organization"},"potentialAction":[{"@type":"SearchAction","target":{"@type":"EntryPoint","urlTemplate":"https:\/\/www.aquadetect.com\/fr\/?s={search_term_string}"},"query-input":{"@type":"PropertyValueSpecification","valueRequired":true,"valueName":"search_term_string"}}],"inLanguage":"fr-FR"},{"@type":"Organization","@id":"https:\/\/www.aquadetect.com\/fr\/#organization","name":"Aquadetect","url":"https:\/\/www.aquadetect.com\/fr\/","logo":{"@type":"ImageObject","inLanguage":"fr-FR","@id":"https:\/\/www.aquadetect.com\/fr\/#\/schema\/logo\/image\/","url":"https:\/\/www.aquadetect.com\/fr\/wp-content\/uploads\/2024\/10\/logo-site-Open-Graph-2.png","contentUrl":"https:\/\/www.aquadetect.com\/fr\/wp-content\/uploads\/2024\/10\/logo-site-Open-Graph-2.png","width":2000,"height":1414,"caption":"Aquadetect"},"image":{"@id":"https:\/\/www.aquadetect.com\/fr\/#\/schema\/logo\/image\/"},"sameAs":["https:\/\/www.facebook.com\/profile.php?id=61567388334537","https:\/\/www.linkedin.com\/company\/aquadetect-france\/"]}]}},"_links":{"self":[{"href":"https:\/\/www.aquadetect.com\/fr\/wp-json\/wp\/v2\/pages\/2396"}],"collection":[{"href":"https:\/\/www.aquadetect.com\/fr\/wp-json\/wp\/v2\/pages"}],"about":[{"href":"https:\/\/www.aquadetect.com\/fr\/wp-json\/wp\/v2\/types\/page"}],"author":[{"embeddable":true,"href":"https:\/\/www.aquadetect.com\/fr\/wp-json\/wp\/v2\/users\/1"}],"replies":[{"embeddable":true,"href":"https:\/\/www.aquadetect.com\/fr\/wp-json\/wp\/v2\/comments?post=2396"}],"version-history":[{"count":33,"href":"https:\/\/www.aquadetect.com\/fr\/wp-json\/wp\/v2\/pages\/2396\/revisions"}],"predecessor-version":[{"id":2574,"href":"https:\/\/www.aquadetect.com\/fr\/wp-json\/wp\/v2\/pages\/2396\/revisions\/2574"}],"wp:attachment":[{"href":"https:\/\/www.aquadetect.com\/fr\/wp-json\/wp\/v2\/media?parent=2396"}],"curies":[{"name":"wp","href":"https:\/\/api.w.org\/{rel}","templated":true}]}}