{"id":252,"date":"2016-11-26T06:59:16","date_gmt":"2016-11-26T06:59:16","guid":{"rendered":"http:\/\/demos.pixelatethemes.com\/plumbingwp\/five\/?page_id=252"},"modified":"2025-08-22T08:48:22","modified_gmt":"2025-08-22T07:48:22","slug":"qui-sommes-nous","status":"publish","type":"page","link":"https:\/\/www.aquadetect.com\/fr\/qui-sommes-nous\/","title":{"rendered":"Qui sommes-nous?"},"content":{"rendered":"<div class=\"wpb-content-wrapper\"><p>[vc_row][vc_column][vc_row_inner][vc_column_inner width=\u00a0\u00bb1\/3&Prime;][vc_single_image image=\u00a0\u00bb1120&Prime; img_size=\u00a0\u00bblarge\u00a0\u00bb][\/vc_column_inner][vc_column_inner el_class=\u00a0\u00bbmission-statement\u00a0\u00bb width=\u00a0\u00bb2\/3&Prime;][vc_column_text]<\/p>\n<div class=\"row this-textss\">\n<h2 class=\"this-title\">Notre mission<\/h2>\n<p>Aquadetect se sp\u00e9cialise dans la d\u00e9tection non-destructive et la localisation pr\u00e9cise de fuites d&rsquo;eau dans les installations sanitaires, de chauffage et d&rsquo;\u00e9vacuation. Compos\u00e9e de techniciens hautement qualifi\u00e9s, notre \u00e9quipe est continuellement form\u00e9e, en interne et en externe, sur les pathologies du b\u00e2timent li\u00e9es \u00e0 l&rsquo;humidit\u00e9. Ils sont \u00e9quip\u00e9s des technologies de pointe les plus r\u00e9centes pour une efficacit\u00e9 maximale.<\/p>\n<hr \/>\n<h2 class=\"this-title2\">Notre exp\u00e9rience<\/h2>\n<p>Nos experts s\u2019appuient sur une exp\u00e9rience du r\u00e9seau europ\u00e9en Aquadetect de plus de 1.500 diagnostics de fuites d&rsquo;eau et plus de 250 chantiers chaque mois. Nos proc\u00e9d\u00e9s sont certifi\u00e9s par des organismes reconnus (Socotec, BCCA) et prot\u00e9g\u00e9s par des assurances. Gr\u00e2ce \u00e0 cette vaste exp\u00e9rience, nous avons d\u00e9velopp\u00e9 un savoir-faire in\u00e9gal\u00e9 dans la gestion des pathologies du b\u00e2timent li\u00e9es \u00e0 l&rsquo;humidit\u00e9.<\/p>\n<\/div>\n<p>[\/vc_column_text][\/vc_column_inner][\/vc_row_inner][vc_empty_space height=\u00a0\u00bb100px\u00a0\u00bb][\/vc_column][\/vc_row][vc_row full_width=\u00a0\u00bbstretch_row_content_no_spaces\u00a0\u00bb][vc_column][vc_column_text]<\/p>\n<section class=\"row vision-trust-row\">\n<div class=\"col-md-7 vision-part\">\n<div class=\"this-inner\">\n<h2 class=\"section-title\">Nos services<\/h2>\n<p>\u00c0 chaque intervention, nous fournissons un rapport technique d\u00e9taill\u00e9, identifiant les d\u00e9fauts de l&rsquo;installation et les pathologies li\u00e9es \u00e0 l&rsquo;humidit\u00e9, ainsi que les solutions adapt\u00e9es. Ce dossier est essentiel pour l\u2019\u00e9ventuelle prise en charge par votre compagnie d\u2019assurances.<\/p>\n<p>&#8211; Prise de rendez-vous sous 48 heures ouvrables<br \/>\n&#8211; Diagnostic pr\u00e9cis des fuites d\u2019eau<br \/>\n&#8211; Remise d\u2019un rapport complet avec photos sous 48 heures<br \/>\n&#8211; Prise en compte globale des probl\u00e8mes d&rsquo;humidit\u00e9 dans le b\u00e2timent<br \/>\n&#8211; Formation continue de nos techniciens sp\u00e9cialis\u00e9s<br \/>\n&#8211; Recherche et d\u00e9veloppement des technologies les plus avanc\u00e9es pour la d\u00e9tection de fuites d&rsquo;eau<\/p>\n<\/div>\n<\/div>\n<div class=\"col-md-5 trust-part\">\n<div class=\"this-inner\">\n<h2 class=\"section-title\">La confiance, le service et le travail de qualit\u00e9<\/h2>\n<p>Nos sp\u00e9cialistes sont \u00e0 votre disposition pour toute intervention en cas de fuite d\u2019eau, utilisant les technologies de d\u00e9tection les plus avanc\u00e9es disponibles. N\u2019h\u00e9sitez pas \u00e0 nous contacter pour une intervention rapide.<\/p>\n<p><a class=\"btn btn-primary\" href=\"https:\/\/www.aquadetect.com\/fr\/contact\/\">NOUS CONTACTER<\/a><\/p>\n<\/div>\n<\/div>\n<\/section>\n<p>[\/vc_column_text][\/vc_column][\/vc_row][vc_row disable_element=\u00a0\u00bbyes\u00a0\u00bb][vc_column][vc_empty_space height=\u00a0\u00bb98px\u00a0\u00bb][tmc_custom_heading heading=\u00a0\u00bbOur Plumbers\u00a0\u00bb][tmc_teamlisting layout=\u00a0\u00bbcarousel\u00a0\u00bb column=\u00a0\u00bb4&Prime;][vc_empty_space height=\u00a0\u00bb85px\u00a0\u00bb][\/vc_column][\/vc_row][vc_row full_width=\u00a0\u00bbstretch_row_content_no_spaces\u00a0\u00bb el_class=\u00a0\u00bbemmergency-leaks\u00a0\u00bb][vc_column][vc_column_text]<\/p>\n<h4 class=\"this-intro\">Nous travaillons avec toutes les compagnies d\u2019assurance<\/h4>\n<h2 class=\"this-title\">Nous sommes \u00e0 votre disposition !<\/h2>\n<div><a class=\"call-link\" href=\"#\">0 800 20 13 62<\/a><\/div>\n<p>[\/vc_column_text][\/vc_column][\/vc_row][vc_row full_width=\u00a0\u00bbstretch_row\u00a0\u00bb disable_element=\u00a0\u00bbyes\u00a0\u00bb el_class=\u00a0\u00bbour-company\u00a0\u00bb][vc_column][vc_empty_space height=\u00a0\u00bb100px\u00a0\u00bb][vc_row_inner][vc_column_inner el_class=\u00a0\u00bbletter-spacing\u00a0\u00bb width=\u00a0\u00bb1\/2&Prime;][tmc_custom_heading heading=\u00a0\u00bbOur Company\u00a0\u00bb][vc_column_text]Lorem Ipsum is simply dummy text of the printing and typesetting industry. Lorem Ipsum has been the industry&rsquo;s standard dummy text ever since the 1500s, when an unknown printer took a galley of type and scrambled it to make a type specimen book. It has survived not only five centuries, but also the leap into electronic typesetting, remaining essentially unchanged.[\/vc_column_text][\/vc_column_inner][vc_column_inner el_class=\u00a0\u00bbtext-right econtacts\u00a0\u00bb width=\u00a0\u00bb1\/2&Prime;][vc_column_text]<\/p>\n<div><img loading=\"lazy\" decoding=\"async\" width=\"560\" height=\"235\" class=\"alignnone size-medium wp-image-246\" src=\"http:\/\/demos.pixelatethemes.com\/plumbingwp\/demo5\/wp-content\/uploads_blur\/sites\/5\/2016\/11\/our-company.jpg\" alt=\"our-company\" srcset=\"https:\/\/www.aquadetect.com\/fr\/wp-content\/uploads\/2016\/11\/our-company.jpg 560w, https:\/\/www.aquadetect.com\/fr\/wp-content\/uploads\/2016\/11\/our-company-300x126.jpg 300w\" sizes=\"(max-width: 560px) 100vw, 560px\" \/><\/div>\n<div class=\"company-econtacts\">\n<h3 class=\"this-title\">Plumbing Master<\/h3>\n<h4 class=\"this-no\">+(1800) 654 8745<\/h4>\n<h4 class=\"this-texts\">24 Emergency Response<\/h4>\n<\/div>\n<p>[\/vc_column_text][\/vc_column_inner][\/vc_row_inner][vc_empty_space height=\u00a0\u00bb100px\u00a0\u00bb][\/vc_column][\/vc_row]<\/p>\n<\/div>","protected":false},"excerpt":{"rendered":"<p>[vc_row][vc_column][vc_row_inner][vc_column_inner width=\u00a0\u00bb1\/3&Prime;][vc_single_image image=\u00a0\u00bb1120&Prime; img_size=\u00a0\u00bblarge\u00a0\u00bb][\/vc_column_inner][vc_column_inner el_class=\u00a0\u00bbmission-statement\u00a0\u00bb width=\u00a0\u00bb2\/3&Prime;][vc_column_text] Notre mission Aquadetect se sp\u00e9cialise dans la d\u00e9tection non-destructive et la localisation pr\u00e9cise de fuites d&rsquo;eau dans les installations sanitaires, de chauffage et d&rsquo;\u00e9vacuation. Compos\u00e9e de techniciens hautement qualifi\u00e9s, notre \u00e9quipe est continuellement form\u00e9e, en interne et en externe, sur les pathologies du b\u00e2timent li\u00e9es \u00e0 l&rsquo;humidit\u00e9. Ils sont [&hellip;]<\/p>\n","protected":false},"author":1,"featured_media":0,"parent":0,"menu_order":0,"comment_status":"closed","ping_status":"closed","template":"","meta":{"footnotes":""},"class_list":["post-252","page","type-page","status-publish","hentry"],"yoast_head":"<!-- This site is optimized with the Yoast SEO plugin v23.9 - https:\/\/yoast.com\/wordpress\/plugins\/seo\/ -->\n<title>Qui sommes-nous? - Aquadetect<\/title>\n<meta name=\"robots\" content=\"index, follow, max-snippet:-1, max-image-preview:large, max-video-preview:-1\" \/>\n<link rel=\"canonical\" href=\"https:\/\/www.aquadetect.com\/fr\/qui-sommes-nous\/\" \/>\n<meta property=\"og:type\" content=\"article\" \/>\n<meta property=\"og:title\" content=\"Qui sommes-nous? - Aquadetect\" \/>\n<meta property=\"og:description\" content=\"[vc_row][vc_column][vc_row_inner][vc_column_inner width=\u00a0\u00bb1\/3&Prime;][vc_single_image image=\u00a0\u00bb1120&Prime; img_size=\u00a0\u00bblarge\u00a0\u00bb][\/vc_column_inner][vc_column_inner el_class=\u00a0\u00bbmission-statement\u00a0\u00bb width=\u00a0\u00bb2\/3&Prime;][vc_column_text] Notre mission Aquadetect se sp\u00e9cialise dans la d\u00e9tection non-destructive et la localisation pr\u00e9cise de fuites d&rsquo;eau dans les installations sanitaires, de chauffage et d&rsquo;\u00e9vacuation. Compos\u00e9e de techniciens hautement qualifi\u00e9s, notre \u00e9quipe est continuellement form\u00e9e, en interne et en externe, sur les pathologies du b\u00e2timent li\u00e9es \u00e0 l&rsquo;humidit\u00e9. Ils sont [&hellip;]\" \/>\n<meta property=\"og:url\" content=\"https:\/\/www.aquadetect.com\/fr\/qui-sommes-nous\/\" \/>\n<meta property=\"og:site_name\" content=\"Aquadetect\" \/>\n<meta property=\"article:publisher\" content=\"https:\/\/www.facebook.com\/profile.php?id=61567388334537\" \/>\n<meta property=\"article:modified_time\" content=\"2025-08-22T07:48:22+00:00\" \/>\n<meta property=\"og:image\" content=\"https:\/\/www.aquadetect.com\/fr\/wp-content\/uploads\/2016\/11\/our-company.jpg\" \/>\n\t<meta property=\"og:image:width\" content=\"560\" \/>\n\t<meta property=\"og:image:height\" content=\"235\" \/>\n\t<meta property=\"og:image:type\" content=\"image\/jpeg\" \/>\n<meta name=\"twitter:card\" content=\"summary_large_image\" \/>\n<meta name=\"twitter:label1\" content=\"Dur\u00e9e de lecture estim\u00e9e\" \/>\n\t<meta name=\"twitter:data1\" content=\"3 minutes\" \/>\n<script type=\"application\/ld+json\" class=\"yoast-schema-graph\">{\"@context\":\"https:\/\/schema.org\",\"@graph\":[{\"@type\":\"WebPage\",\"@id\":\"https:\/\/www.aquadetect.com\/fr\/qui-sommes-nous\/\",\"url\":\"https:\/\/www.aquadetect.com\/fr\/qui-sommes-nous\/\",\"name\":\"Qui sommes-nous? - Aquadetect\",\"isPartOf\":{\"@id\":\"https:\/\/www.aquadetect.com\/fr\/#website\"},\"primaryImageOfPage\":{\"@id\":\"https:\/\/www.aquadetect.com\/fr\/qui-sommes-nous\/#primaryimage\"},\"image\":{\"@id\":\"https:\/\/www.aquadetect.com\/fr\/qui-sommes-nous\/#primaryimage\"},\"thumbnailUrl\":\"http:\/\/demos.pixelatethemes.com\/plumbingwp\/demo5\/wp-content\/uploads_blur\/sites\/5\/2016\/11\/our-company.jpg\",\"datePublished\":\"2016-11-26T06:59:16+00:00\",\"dateModified\":\"2025-08-22T07:48:22+00:00\",\"breadcrumb\":{\"@id\":\"https:\/\/www.aquadetect.com\/fr\/qui-sommes-nous\/#breadcrumb\"},\"inLanguage\":\"fr-FR\",\"potentialAction\":[{\"@type\":\"ReadAction\",\"target\":[\"https:\/\/www.aquadetect.com\/fr\/qui-sommes-nous\/\"]}]},{\"@type\":\"ImageObject\",\"inLanguage\":\"fr-FR\",\"@id\":\"https:\/\/www.aquadetect.com\/fr\/qui-sommes-nous\/#primaryimage\",\"url\":\"http:\/\/demos.pixelatethemes.com\/plumbingwp\/demo5\/wp-content\/uploads_blur\/sites\/5\/2016\/11\/our-company.jpg\",\"contentUrl\":\"http:\/\/demos.pixelatethemes.com\/plumbingwp\/demo5\/wp-content\/uploads_blur\/sites\/5\/2016\/11\/our-company.jpg\"},{\"@type\":\"BreadcrumbList\",\"@id\":\"https:\/\/www.aquadetect.com\/fr\/qui-sommes-nous\/#breadcrumb\",\"itemListElement\":[{\"@type\":\"ListItem\",\"position\":1,\"name\":\"Home\",\"item\":\"https:\/\/www.aquadetect.com\/fr\/\"},{\"@type\":\"ListItem\",\"position\":2,\"name\":\"Qui sommes-nous?\"}]},{\"@type\":\"WebSite\",\"@id\":\"https:\/\/www.aquadetect.com\/fr\/#website\",\"url\":\"https:\/\/www.aquadetect.com\/fr\/\",\"name\":\"Aquadetect\",\"description\":\"\",\"publisher\":{\"@id\":\"https:\/\/www.aquadetect.com\/fr\/#organization\"},\"potentialAction\":[{\"@type\":\"SearchAction\",\"target\":{\"@type\":\"EntryPoint\",\"urlTemplate\":\"https:\/\/www.aquadetect.com\/fr\/?s={search_term_string}\"},\"query-input\":{\"@type\":\"PropertyValueSpecification\",\"valueRequired\":true,\"valueName\":\"search_term_string\"}}],\"inLanguage\":\"fr-FR\"},{\"@type\":\"Organization\",\"@id\":\"https:\/\/www.aquadetect.com\/fr\/#organization\",\"name\":\"Aquadetect\",\"url\":\"https:\/\/www.aquadetect.com\/fr\/\",\"logo\":{\"@type\":\"ImageObject\",\"inLanguage\":\"fr-FR\",\"@id\":\"https:\/\/www.aquadetect.com\/fr\/#\/schema\/logo\/image\/\",\"url\":\"https:\/\/www.aquadetect.com\/fr\/wp-content\/uploads\/2024\/10\/logo-site-Open-Graph-2.png\",\"contentUrl\":\"https:\/\/www.aquadetect.com\/fr\/wp-content\/uploads\/2024\/10\/logo-site-Open-Graph-2.png\",\"width\":2000,\"height\":1414,\"caption\":\"Aquadetect\"},\"image\":{\"@id\":\"https:\/\/www.aquadetect.com\/fr\/#\/schema\/logo\/image\/\"},\"sameAs\":[\"https:\/\/www.facebook.com\/profile.php?id=61567388334537\",\"https:\/\/www.linkedin.com\/company\/aquadetect-france\/\"]}]}<\/script>\n<!-- \/ Yoast SEO plugin. -->","yoast_head_json":{"title":"Qui sommes-nous? - Aquadetect","robots":{"index":"index","follow":"follow","max-snippet":"max-snippet:-1","max-image-preview":"max-image-preview:large","max-video-preview":"max-video-preview:-1"},"canonical":"https:\/\/www.aquadetect.com\/fr\/qui-sommes-nous\/","og_type":"article","og_title":"Qui sommes-nous? - Aquadetect","og_description":"[vc_row][vc_column][vc_row_inner][vc_column_inner width=\u00a0\u00bb1\/3&Prime;][vc_single_image image=\u00a0\u00bb1120&Prime; img_size=\u00a0\u00bblarge\u00a0\u00bb][\/vc_column_inner][vc_column_inner el_class=\u00a0\u00bbmission-statement\u00a0\u00bb width=\u00a0\u00bb2\/3&Prime;][vc_column_text] Notre mission Aquadetect se sp\u00e9cialise dans la d\u00e9tection non-destructive et la localisation pr\u00e9cise de fuites d&rsquo;eau dans les installations sanitaires, de chauffage et d&rsquo;\u00e9vacuation. Compos\u00e9e de techniciens hautement qualifi\u00e9s, notre \u00e9quipe est continuellement form\u00e9e, en interne et en externe, sur les pathologies du b\u00e2timent li\u00e9es \u00e0 l&rsquo;humidit\u00e9. Ils sont [&hellip;]","og_url":"https:\/\/www.aquadetect.com\/fr\/qui-sommes-nous\/","og_site_name":"Aquadetect","article_publisher":"https:\/\/www.facebook.com\/profile.php?id=61567388334537","article_modified_time":"2025-08-22T07:48:22+00:00","og_image":[{"width":560,"height":235,"url":"https:\/\/www.aquadetect.com\/fr\/wp-content\/uploads\/2016\/11\/our-company.jpg","type":"image\/jpeg"}],"twitter_card":"summary_large_image","twitter_misc":{"Dur\u00e9e de lecture estim\u00e9e":"3 minutes"},"schema":{"@context":"https:\/\/schema.org","@graph":[{"@type":"WebPage","@id":"https:\/\/www.aquadetect.com\/fr\/qui-sommes-nous\/","url":"https:\/\/www.aquadetect.com\/fr\/qui-sommes-nous\/","name":"Qui sommes-nous? - Aquadetect","isPartOf":{"@id":"https:\/\/www.aquadetect.com\/fr\/#website"},"primaryImageOfPage":{"@id":"https:\/\/www.aquadetect.com\/fr\/qui-sommes-nous\/#primaryimage"},"image":{"@id":"https:\/\/www.aquadetect.com\/fr\/qui-sommes-nous\/#primaryimage"},"thumbnailUrl":"http:\/\/demos.pixelatethemes.com\/plumbingwp\/demo5\/wp-content\/uploads_blur\/sites\/5\/2016\/11\/our-company.jpg","datePublished":"2016-11-26T06:59:16+00:00","dateModified":"2025-08-22T07:48:22+00:00","breadcrumb":{"@id":"https:\/\/www.aquadetect.com\/fr\/qui-sommes-nous\/#breadcrumb"},"inLanguage":"fr-FR","potentialAction":[{"@type":"ReadAction","target":["https:\/\/www.aquadetect.com\/fr\/qui-sommes-nous\/"]}]},{"@type":"ImageObject","inLanguage":"fr-FR","@id":"https:\/\/www.aquadetect.com\/fr\/qui-sommes-nous\/#primaryimage","url":"http:\/\/demos.pixelatethemes.com\/plumbingwp\/demo5\/wp-content\/uploads_blur\/sites\/5\/2016\/11\/our-company.jpg","contentUrl":"http:\/\/demos.pixelatethemes.com\/plumbingwp\/demo5\/wp-content\/uploads_blur\/sites\/5\/2016\/11\/our-company.jpg"},{"@type":"BreadcrumbList","@id":"https:\/\/www.aquadetect.com\/fr\/qui-sommes-nous\/#breadcrumb","itemListElement":[{"@type":"ListItem","position":1,"name":"Home","item":"https:\/\/www.aquadetect.com\/fr\/"},{"@type":"ListItem","position":2,"name":"Qui sommes-nous?"}]},{"@type":"WebSite","@id":"https:\/\/www.aquadetect.com\/fr\/#website","url":"https:\/\/www.aquadetect.com\/fr\/","name":"Aquadetect","description":"","publisher":{"@id":"https:\/\/www.aquadetect.com\/fr\/#organization"},"potentialAction":[{"@type":"SearchAction","target":{"@type":"EntryPoint","urlTemplate":"https:\/\/www.aquadetect.com\/fr\/?s={search_term_string}"},"query-input":{"@type":"PropertyValueSpecification","valueRequired":true,"valueName":"search_term_string"}}],"inLanguage":"fr-FR"},{"@type":"Organization","@id":"https:\/\/www.aquadetect.com\/fr\/#organization","name":"Aquadetect","url":"https:\/\/www.aquadetect.com\/fr\/","logo":{"@type":"ImageObject","inLanguage":"fr-FR","@id":"https:\/\/www.aquadetect.com\/fr\/#\/schema\/logo\/image\/","url":"https:\/\/www.aquadetect.com\/fr\/wp-content\/uploads\/2024\/10\/logo-site-Open-Graph-2.png","contentUrl":"https:\/\/www.aquadetect.com\/fr\/wp-content\/uploads\/2024\/10\/logo-site-Open-Graph-2.png","width":2000,"height":1414,"caption":"Aquadetect"},"image":{"@id":"https:\/\/www.aquadetect.com\/fr\/#\/schema\/logo\/image\/"},"sameAs":["https:\/\/www.facebook.com\/profile.php?id=61567388334537","https:\/\/www.linkedin.com\/company\/aquadetect-france\/"]}]}},"_links":{"self":[{"href":"https:\/\/www.aquadetect.com\/fr\/wp-json\/wp\/v2\/pages\/252"}],"collection":[{"href":"https:\/\/www.aquadetect.com\/fr\/wp-json\/wp\/v2\/pages"}],"about":[{"href":"https:\/\/www.aquadetect.com\/fr\/wp-json\/wp\/v2\/types\/page"}],"author":[{"embeddable":true,"href":"https:\/\/www.aquadetect.com\/fr\/wp-json\/wp\/v2\/users\/1"}],"replies":[{"embeddable":true,"href":"https:\/\/www.aquadetect.com\/fr\/wp-json\/wp\/v2\/comments?post=252"}],"version-history":[{"count":7,"href":"https:\/\/www.aquadetect.com\/fr\/wp-json\/wp\/v2\/pages\/252\/revisions"}],"predecessor-version":[{"id":2647,"href":"https:\/\/www.aquadetect.com\/fr\/wp-json\/wp\/v2\/pages\/252\/revisions\/2647"}],"wp:attachment":[{"href":"https:\/\/www.aquadetect.com\/fr\/wp-json\/wp\/v2\/media?parent=252"}],"curies":[{"name":"wp","href":"https:\/\/api.w.org\/{rel}","templated":true}]}}