{"id":34,"date":"2016-11-17T11:47:17","date_gmt":"2016-11-17T11:47:17","guid":{"rendered":"http:\/\/demos.pixelatethemes.com\/plumbingwp\/five\/?page_id=34"},"modified":"2025-04-09T08:51:27","modified_gmt":"2025-04-09T07:51:27","slug":"contact","status":"publish","type":"page","link":"https:\/\/www.aquadetect.com\/fr\/contact\/","title":{"rendered":"Contact"},"content":{"rendered":"<div class=\"wpb-content-wrapper\"><p>[vc_row][vc_column el_class=\u00a0\u00bbcontact-form-area\u00a0\u00bb][tmc_custom_heading heading=\u00a0\u00bbContactez-nous\u00a0\u00bb][vc_column_text]Nous travaillons avec toutes les compagnies d\u2019assurance.<\/p>\n<p><strong>N&rsquo;h\u00e9sitez pas \u00e0 nous contacter ! \ud83d\ude42<\/strong>[\/vc_column_text][vc_empty_space height=\u00a0\u00bb35px\u00a0\u00bb][vc_row_inner][vc_column_inner width=\u00a0\u00bb2\/3&Prime; offset=\u00a0\u00bbvc_hidden-lg vc_hidden-md vc_hidden-sm vc_hidden-xs\u00a0\u00bb]\n<div class=\"wpcf7 no-js\" id=\"wpcf7-f1095-o1\" lang=\"en-US\" dir=\"ltr\" data-wpcf7-id=\"1095\">\n<div class=\"screen-reader-response\"><p role=\"status\" aria-live=\"polite\" aria-atomic=\"true\"><\/p> <ul><\/ul><\/div>\n<form action=\"\/fr\/wp-json\/wp\/v2\/pages\/34#wpcf7-f1095-o1\" method=\"post\" class=\"wpcf7-form init\" aria-label=\"Contact form\" novalidate=\"novalidate\" data-status=\"init\">\n<div style=\"display: none;\">\n<input type=\"hidden\" name=\"_wpcf7\" value=\"1095\" \/>\n<input type=\"hidden\" name=\"_wpcf7_version\" value=\"6.0\" \/>\n<input type=\"hidden\" name=\"_wpcf7_locale\" value=\"en_US\" \/>\n<input type=\"hidden\" name=\"_wpcf7_unit_tag\" value=\"wpcf7-f1095-o1\" \/>\n<input type=\"hidden\" name=\"_wpcf7_container_post\" value=\"0\" \/>\n<input type=\"hidden\" name=\"_wpcf7_posted_data_hash\" value=\"\" \/>\n<input type=\"hidden\" name=\"_wpcf7_recaptcha_response\" value=\"\" \/>\n<\/div>\n<div  class=\"contact-form\" id=\"contactForm\">\n<p>\n<label> Je pense que mon probl\u00e8me de fuite se situe *\n<span class=\"wpcf7-form-control-wrap\" data-name=\"probleme\"><select class=\"wpcf7-form-control wpcf7-select wpcf7-validates-as-required form-control\" aria-required=\"true\" aria-invalid=\"false\" name=\"probleme\"><option value=\"Tuyaux d&#039;eaux\">Tuyaux d&#039;eaux<\/option><option value=\"Tuyaux d&#039;\u00e9vacuation\">Tuyaux d&#039;\u00e9vacuation<\/option><option value=\"Tuyauterie de chauffage\">Tuyauterie de chauffage<\/option><option value=\"Autres\">Autres<\/option><option value=\"Ne sait pas\">Ne sait pas<\/option><\/select><\/span><\/label>\n<\/p>\n\n<div class=\"one-half\">\n<p>\n<label> Avez-vous des heures durant lesquelles vous pr\u00e9f\u00e9rez \u00eatre contact\u00e9?\n    <span class=\"wpcf7-form-control-wrap\" data-name=\"heures\"><input size=\"40\" maxlength=\"400\" class=\"wpcf7-form-control wpcf7-text wpcf7-validates-as-required form-control\" aria-required=\"true\" aria-invalid=\"false\" value=\"\" type=\"text\" name=\"heures\" \/><\/span> <\/label>\n<\/p>\n<\/div>\n<div class=\"one-half last\">\n<p>\n<label> Comment avez vous connu Aquadetect? *<br \/><br \/>\n<span class=\"wpcf7-form-control-wrap\" data-name=\"notoriete\"><select class=\"wpcf7-form-control wpcf7-select wpcf7-validates-as-required form-control\" aria-required=\"true\" aria-invalid=\"false\" name=\"notoriete\"><option value=\"Toutes bo\u00eetes\">Toutes bo\u00eetes<\/option><option value=\"Pages jaunes\">Pages jaunes<\/option><option value=\"Publicit\u00e9 sur les v\u00e9hicules\">Publicit\u00e9 sur les v\u00e9hicules<\/option><option value=\"Recherche Internet\">Recherche Internet<\/option><option value=\"Notori\u00e9t\u00e9, conseil d&#039;un ami\">Notori\u00e9t\u00e9, conseil d&#039;un ami<\/option><option value=\"Professionnels\">Professionnels<\/option><option value=\"Boutique des experts de Tournai\">Boutique des experts de Tournai<\/option><\/select><\/span><\/label>\n<\/p>\n<\/div>\n<p>\n<label>Commentaires *\n<span class=\"wpcf7-form-control-wrap\" data-name=\"commentaires\"><textarea cols=\"40\" rows=\"10\" maxlength=\"2000\" class=\"wpcf7-form-control wpcf7-textarea wpcf7-validates-as-required form-control comment-text\" aria-required=\"true\" aria-invalid=\"false\" name=\"commentaires\"><\/textarea><\/span>\n<\/label>\n<\/p>\n<p>\n<label> Vos coordonn\u00e9es<\/label>\n<\/p>\n\n<div class=\"one-half\">\n<p>\n<label>Nom*\n<span class=\"wpcf7-form-control-wrap\" data-name=\"Nom\"><input size=\"40\" maxlength=\"400\" class=\"wpcf7-form-control wpcf7-text wpcf7-validates-as-required form-control\" aria-required=\"true\" aria-invalid=\"false\" value=\"\" type=\"text\" name=\"Nom\" \/><\/span>\n<\/label>\n<\/p>\n<\/div>\n\n<div class=\"one-half last\">\n<p>\n<label>Pr\u00e9nom*\n<span class=\"wpcf7-form-control-wrap\" data-name=\"prenom\"><input size=\"40\" maxlength=\"400\" class=\"wpcf7-form-control wpcf7-text wpcf7-validates-as-required form-control\" aria-required=\"true\" aria-invalid=\"false\" value=\"\" type=\"text\" name=\"prenom\" \/><\/span>\n<\/label>\n<\/p>\n<\/div>\n<p>\n<label>Adresse*\n<span class=\"wpcf7-form-control-wrap\" data-name=\"adresse\"><input size=\"40\" maxlength=\"400\" class=\"wpcf7-form-control wpcf7-text wpcf7-validates-as-required form-control contact-adresse\" aria-required=\"true\" aria-invalid=\"false\" value=\"\" type=\"text\" name=\"adresse\" \/><\/span>\n<\/label>\n<\/p>\n<div class=\"one-half\">\n<p>\n<label>Code Postal*\n<span class=\"wpcf7-form-control-wrap\" data-name=\"code-postal\"><input size=\"40\" maxlength=\"400\" class=\"wpcf7-form-control wpcf7-text wpcf7-validates-as-required form-control\" aria-required=\"true\" aria-invalid=\"false\" value=\"\" type=\"text\" name=\"code-postal\" \/><\/span>\n<\/label>\n<\/p>\n<\/div>\n\n<div class=\"one-half last\">\n<p>\n<label>Localit\u00e9*\n<span class=\"wpcf7-form-control-wrap\" data-name=\"localite\"><input size=\"40\" maxlength=\"400\" class=\"wpcf7-form-control wpcf7-text wpcf7-validates-as-required form-control\" aria-required=\"true\" aria-invalid=\"false\" value=\"\" type=\"text\" name=\"localite\" \/><\/span>\n<\/label>\n<\/p>\n<\/div>\n\n<div class=\"one-half\">\n<p>\n<label>T\u00e9l\u00e9phone*\n<span class=\"wpcf7-form-control-wrap\" data-name=\"telephone\"><input size=\"40\" maxlength=\"400\" class=\"wpcf7-form-control wpcf7-tel wpcf7-validates-as-required wpcf7-text wpcf7-validates-as-tel form-control\" aria-required=\"true\" aria-invalid=\"false\" value=\"\" type=\"tel\" name=\"telephone\" \/><\/span>\n<\/label>\n<\/p>\n<\/div>\n\n<div class=\"one-half last\">\n<p>\n<label>Portable\n<span class=\"wpcf7-form-control-wrap\" data-name=\"gsm\"><input size=\"40\" maxlength=\"400\" class=\"wpcf7-form-control wpcf7-text form-control\" aria-invalid=\"false\" value=\"\" type=\"text\" name=\"gsm\" \/><\/span>\n<\/label>\n<\/p>\n<\/div>\n<p>\n<label>E-mail*\n<span class=\"wpcf7-form-control-wrap\" data-name=\"email\"><input size=\"40\" maxlength=\"400\" class=\"wpcf7-form-control wpcf7-email wpcf7-validates-as-required wpcf7-text wpcf7-validates-as-email form-control\" aria-required=\"true\" aria-invalid=\"false\" value=\"\" type=\"email\" name=\"email\" \/><\/span>\n<\/label>\n<\/p>\n<p>\n<label class=\"rgpd-checkbox\"><span class=\"wpcf7-form-control-wrap\" data-name=\"rgpd\"><span class=\"wpcf7-form-control wpcf7-acceptance\"><span class=\"wpcf7-list-item\"><input type=\"checkbox\" name=\"rgpd\" value=\"1\" class=\"checkbox\" aria-invalid=\"false\" \/><\/span><\/span><\/span> En cochant cette case, j'accepte <a href=\"\/politique-relative-a-la-vie-privee-de-aquadetect\/\" target=\"_blank\">les conditions g\u00e9n\u00e9rales de Aquadetect<\/a>.<\/label>\n<\/p>\n\n<input class=\"wpcf7-form-control wpcf7-submit has-spinner btn btn-primary contact-submit\" type=\"submit\" value=\"Envoyer\" \/>\n\n<\/div><div class=\"wpcf7-response-output\" aria-hidden=\"true\"><\/div>\n<\/form>\n<\/div>\n[\/vc_column_inner][vc_column_inner width=\u00a0\u00bb1\/3&Prime;][vc_column_text]<\/p>\n<div class=\"emmergency-contact-numbers row\">\n<div class=\"emmergency-contact-number row\">\n<h4 class=\"this-title\">Contactez-nous par <span class=\"nothing\">telephone<\/span><\/h4>\n<p>Nous sommes \u00e0 votre disposition tous les jours jusqu&rsquo;\u00e0 21h, sauf le dimanche, parce que les fuites d\u2019eau n\u2019attendent pas. <strong>Appelez-nous maintenant<\/strong><\/p>\n<p>0 800 20 13 62<\/p><\/div>\n<div class=\"emmergency-contact-number row\">\n<h4 class=\"this-title\">Contactez-nous par <span class=\"nothing\">email<\/span><\/h4>\n<p>Vous avez une question ? Un message ? Vous pouvez nous contacter par email !<\/p>\n<p><a href=\"mailto:info@aquadetect.com\">info@aquadetect.com<\/a><\/div>\n<\/div>\n<p>[\/vc_column_text][\/vc_column_inner][\/vc_row_inner][vc_empty_space height=\u00a0\u00bb100px\u00a0\u00bb][\/vc_column][\/vc_row][vc_row full_width=\u00a0\u00bbstretch_row_content_no_spaces\u00a0\u00bb content_placement=\u00a0\u00bbmiddle\u00a0\u00bb el_class=\u00a0\u00bbnew_static_map\u00a0\u00bb][vc_column width=\u00a0\u00bb1\/2&Prime;][vc_single_image image=\u00a0\u00bb2543&Prime; img_size=\u00a0\u00bbfull\u00a0\u00bb][\/vc_column][vc_column width=\u00a0\u00bb1\/2&Prime; el_class=\u00a0\u00bbbg-blue-gradient\u00a0\u00bb][vc_column_text]<\/p>\n<div class=\"row\">\n<div class=\"col-xs-12 col-sm-6 col-md-12 col-lg-6 address\">\n<h3>Paris &#8211; Ile de France<\/h3>\n<div class=\"vc_row vc_row-flex\">\n<p>40 rue de Tr\u00e9vise<br \/>\n75009 PARIS<br \/>\n&#8212;&#8212;&#8212;&#8212;&#8212;&#8212;-<br \/>\n3 Rue du Noyer aux perdrix<br \/>\n77170 SERVON<br \/>\n&#8212;&#8212;&#8212;&#8212;&#8212;&#8212;-<br \/>\n30\/50 Rue de Panicale<br \/>\n78320 LA VERRIERE<br \/>\n&#8212;&#8212;&#8212;&#8212;&#8212;&#8212;-<br \/>\n0 800 20 13 62<br \/>\ninfo@aquadetect.com<\/div>\n<\/div>\n<\/div>\n<p>[\/vc_column_text][\/vc_column][\/vc_row]<\/p>\n<\/div>","protected":false},"excerpt":{"rendered":"<p>[vc_row][vc_column el_class=\u00a0\u00bbcontact-form-area\u00a0\u00bb][tmc_custom_heading heading=\u00a0\u00bbContactez-nous\u00a0\u00bb][vc_column_text]Nous travaillons avec toutes les compagnies d\u2019assurance. N&rsquo;h\u00e9sitez pas \u00e0 nous contacter ! \ud83d\ude42[\/vc_column_text][vc_empty_space height=\u00a0\u00bb35px\u00a0\u00bb][vc_row_inner][vc_column_inner width=\u00a0\u00bb2\/3&Prime; offset=\u00a0\u00bbvc_hidden-lg vc_hidden-md vc_hidden-sm vc_hidden-xs\u00a0\u00bb][\/vc_column_inner][vc_column_inner width=\u00a0\u00bb1\/3&Prime;][vc_column_text] Contactez-nous par telephone Nous sommes \u00e0 votre disposition tous les jours jusqu&rsquo;\u00e0 21h, sauf le dimanche, parce que les fuites d\u2019eau n\u2019attendent pas. Appelez-nous maintenant 0 800 20 13 62 Contactez-nous par [&hellip;]<\/p>\n","protected":false},"author":1,"featured_media":0,"parent":0,"menu_order":0,"comment_status":"closed","ping_status":"closed","template":"","meta":{"footnotes":""},"class_list":["post-34","page","type-page","status-publish","hentry"],"yoast_head":"<!-- This site is optimized with the Yoast SEO plugin v23.9 - https:\/\/yoast.com\/wordpress\/plugins\/seo\/ -->\n<title>Contact - Aquadetect<\/title>\n<meta name=\"description\" content=\"Appelez-nous pour un rdv sous 24h ! D\u00e9tection de fuites pr\u00e9cise et sans endommager votre habitat.\" \/>\n<meta name=\"robots\" content=\"index, follow, max-snippet:-1, max-image-preview:large, max-video-preview:-1\" \/>\n<link rel=\"canonical\" href=\"https:\/\/www.aquadetect.com\/fr\/contact\/\" \/>\n<meta property=\"og:type\" content=\"article\" \/>\n<meta property=\"og:title\" content=\"Contact - Aquadetect\" \/>\n<meta property=\"og:description\" content=\"Appelez-nous pour un rdv sous 24h ! D\u00e9tection de fuites pr\u00e9cise et sans endommager votre habitat.\" \/>\n<meta property=\"og:url\" content=\"https:\/\/www.aquadetect.com\/fr\/contact\/\" \/>\n<meta property=\"og:site_name\" content=\"Aquadetect\" \/>\n<meta property=\"article:publisher\" content=\"https:\/\/www.facebook.com\/profile.php?id=61567388334537\" \/>\n<meta property=\"article:modified_time\" content=\"2025-04-09T07:51:27+00:00\" \/>\n<meta name=\"twitter:card\" content=\"summary_large_image\" \/>\n<meta name=\"twitter:label1\" content=\"Dur\u00e9e de lecture estim\u00e9e\" \/>\n\t<meta name=\"twitter:data1\" content=\"1 minute\" \/>\n<script type=\"application\/ld+json\" class=\"yoast-schema-graph\">{\"@context\":\"https:\/\/schema.org\",\"@graph\":[{\"@type\":\"WebPage\",\"@id\":\"https:\/\/www.aquadetect.com\/fr\/contact\/\",\"url\":\"https:\/\/www.aquadetect.com\/fr\/contact\/\",\"name\":\"Contact - Aquadetect\",\"isPartOf\":{\"@id\":\"https:\/\/www.aquadetect.com\/fr\/#website\"},\"datePublished\":\"2016-11-17T11:47:17+00:00\",\"dateModified\":\"2025-04-09T07:51:27+00:00\",\"description\":\"Appelez-nous pour un rdv sous 24h ! D\u00e9tection de fuites pr\u00e9cise et sans endommager votre habitat.\",\"breadcrumb\":{\"@id\":\"https:\/\/www.aquadetect.com\/fr\/contact\/#breadcrumb\"},\"inLanguage\":\"fr-FR\",\"potentialAction\":[{\"@type\":\"ReadAction\",\"target\":[\"https:\/\/www.aquadetect.com\/fr\/contact\/\"]}]},{\"@type\":\"BreadcrumbList\",\"@id\":\"https:\/\/www.aquadetect.com\/fr\/contact\/#breadcrumb\",\"itemListElement\":[{\"@type\":\"ListItem\",\"position\":1,\"name\":\"Home\",\"item\":\"https:\/\/www.aquadetect.com\/fr\/\"},{\"@type\":\"ListItem\",\"position\":2,\"name\":\"Contact\"}]},{\"@type\":\"WebSite\",\"@id\":\"https:\/\/www.aquadetect.com\/fr\/#website\",\"url\":\"https:\/\/www.aquadetect.com\/fr\/\",\"name\":\"Aquadetect\",\"description\":\"\",\"publisher\":{\"@id\":\"https:\/\/www.aquadetect.com\/fr\/#organization\"},\"potentialAction\":[{\"@type\":\"SearchAction\",\"target\":{\"@type\":\"EntryPoint\",\"urlTemplate\":\"https:\/\/www.aquadetect.com\/fr\/?s={search_term_string}\"},\"query-input\":{\"@type\":\"PropertyValueSpecification\",\"valueRequired\":true,\"valueName\":\"search_term_string\"}}],\"inLanguage\":\"fr-FR\"},{\"@type\":\"Organization\",\"@id\":\"https:\/\/www.aquadetect.com\/fr\/#organization\",\"name\":\"Aquadetect\",\"url\":\"https:\/\/www.aquadetect.com\/fr\/\",\"logo\":{\"@type\":\"ImageObject\",\"inLanguage\":\"fr-FR\",\"@id\":\"https:\/\/www.aquadetect.com\/fr\/#\/schema\/logo\/image\/\",\"url\":\"https:\/\/www.aquadetect.com\/fr\/wp-content\/uploads\/2024\/10\/logo-site-Open-Graph-2.png\",\"contentUrl\":\"https:\/\/www.aquadetect.com\/fr\/wp-content\/uploads\/2024\/10\/logo-site-Open-Graph-2.png\",\"width\":2000,\"height\":1414,\"caption\":\"Aquadetect\"},\"image\":{\"@id\":\"https:\/\/www.aquadetect.com\/fr\/#\/schema\/logo\/image\/\"},\"sameAs\":[\"https:\/\/www.facebook.com\/profile.php?id=61567388334537\",\"https:\/\/www.linkedin.com\/company\/aquadetect-france\/\"]}]}<\/script>\n<!-- \/ Yoast SEO plugin. -->","yoast_head_json":{"title":"Contact - Aquadetect","description":"Appelez-nous pour un rdv sous 24h ! D\u00e9tection de fuites pr\u00e9cise et sans endommager votre habitat.","robots":{"index":"index","follow":"follow","max-snippet":"max-snippet:-1","max-image-preview":"max-image-preview:large","max-video-preview":"max-video-preview:-1"},"canonical":"https:\/\/www.aquadetect.com\/fr\/contact\/","og_type":"article","og_title":"Contact - Aquadetect","og_description":"Appelez-nous pour un rdv sous 24h ! D\u00e9tection de fuites pr\u00e9cise et sans endommager votre habitat.","og_url":"https:\/\/www.aquadetect.com\/fr\/contact\/","og_site_name":"Aquadetect","article_publisher":"https:\/\/www.facebook.com\/profile.php?id=61567388334537","article_modified_time":"2025-04-09T07:51:27+00:00","twitter_card":"summary_large_image","twitter_misc":{"Dur\u00e9e de lecture estim\u00e9e":"1 minute"},"schema":{"@context":"https:\/\/schema.org","@graph":[{"@type":"WebPage","@id":"https:\/\/www.aquadetect.com\/fr\/contact\/","url":"https:\/\/www.aquadetect.com\/fr\/contact\/","name":"Contact - Aquadetect","isPartOf":{"@id":"https:\/\/www.aquadetect.com\/fr\/#website"},"datePublished":"2016-11-17T11:47:17+00:00","dateModified":"2025-04-09T07:51:27+00:00","description":"Appelez-nous pour un rdv sous 24h ! D\u00e9tection de fuites pr\u00e9cise et sans endommager votre habitat.","breadcrumb":{"@id":"https:\/\/www.aquadetect.com\/fr\/contact\/#breadcrumb"},"inLanguage":"fr-FR","potentialAction":[{"@type":"ReadAction","target":["https:\/\/www.aquadetect.com\/fr\/contact\/"]}]},{"@type":"BreadcrumbList","@id":"https:\/\/www.aquadetect.com\/fr\/contact\/#breadcrumb","itemListElement":[{"@type":"ListItem","position":1,"name":"Home","item":"https:\/\/www.aquadetect.com\/fr\/"},{"@type":"ListItem","position":2,"name":"Contact"}]},{"@type":"WebSite","@id":"https:\/\/www.aquadetect.com\/fr\/#website","url":"https:\/\/www.aquadetect.com\/fr\/","name":"Aquadetect","description":"","publisher":{"@id":"https:\/\/www.aquadetect.com\/fr\/#organization"},"potentialAction":[{"@type":"SearchAction","target":{"@type":"EntryPoint","urlTemplate":"https:\/\/www.aquadetect.com\/fr\/?s={search_term_string}"},"query-input":{"@type":"PropertyValueSpecification","valueRequired":true,"valueName":"search_term_string"}}],"inLanguage":"fr-FR"},{"@type":"Organization","@id":"https:\/\/www.aquadetect.com\/fr\/#organization","name":"Aquadetect","url":"https:\/\/www.aquadetect.com\/fr\/","logo":{"@type":"ImageObject","inLanguage":"fr-FR","@id":"https:\/\/www.aquadetect.com\/fr\/#\/schema\/logo\/image\/","url":"https:\/\/www.aquadetect.com\/fr\/wp-content\/uploads\/2024\/10\/logo-site-Open-Graph-2.png","contentUrl":"https:\/\/www.aquadetect.com\/fr\/wp-content\/uploads\/2024\/10\/logo-site-Open-Graph-2.png","width":2000,"height":1414,"caption":"Aquadetect"},"image":{"@id":"https:\/\/www.aquadetect.com\/fr\/#\/schema\/logo\/image\/"},"sameAs":["https:\/\/www.facebook.com\/profile.php?id=61567388334537","https:\/\/www.linkedin.com\/company\/aquadetect-france\/"]}]}},"_links":{"self":[{"href":"https:\/\/www.aquadetect.com\/fr\/wp-json\/wp\/v2\/pages\/34"}],"collection":[{"href":"https:\/\/www.aquadetect.com\/fr\/wp-json\/wp\/v2\/pages"}],"about":[{"href":"https:\/\/www.aquadetect.com\/fr\/wp-json\/wp\/v2\/types\/page"}],"author":[{"embeddable":true,"href":"https:\/\/www.aquadetect.com\/fr\/wp-json\/wp\/v2\/users\/1"}],"replies":[{"embeddable":true,"href":"https:\/\/www.aquadetect.com\/fr\/wp-json\/wp\/v2\/comments?post=34"}],"version-history":[{"count":10,"href":"https:\/\/www.aquadetect.com\/fr\/wp-json\/wp\/v2\/pages\/34\/revisions"}],"predecessor-version":[{"id":2643,"href":"https:\/\/www.aquadetect.com\/fr\/wp-json\/wp\/v2\/pages\/34\/revisions\/2643"}],"wp:attachment":[{"href":"https:\/\/www.aquadetect.com\/fr\/wp-json\/wp\/v2\/media?parent=34"}],"curies":[{"name":"wp","href":"https:\/\/api.w.org\/{rel}","templated":true}]}}